{"id":6265,"date":"2019-12-08T22:00:26","date_gmt":"2019-12-08T19:00:26","guid":{"rendered":"https:\/\/northakademi.com\/tr\/?page_id=6265"},"modified":"2019-12-23T20:43:26","modified_gmt":"2019-12-23T17:43:26","slug":"iso-14001-cevre-yonetim-sistemi","status":"publish","type":"page","link":"https:\/\/northakademi.com\/tr\/belgelendirme\/sistem-belgelendirme\/iso-14001-cevre-yonetim-sistemi\/","title":{"rendered":"ISO 14001: \u00c7evre Y\u00f6netim Sistemi"},"content":{"rendered":"<\/div><\/div><\/div><!-- close content main div --><\/div><\/div><div id='av_section_1' class='avia-section main_color avia-section-default avia-no-shadow avia-bg-style-scroll   av-minimum-height av-minimum-height-custom container_wrap sidebar_right' style = 'background-repeat: no-repeat; background-image: url(https:\/\/northakademi.com\/tr\/wp-content\/uploads\/2019\/12\/slide-north-akademi-siyah-lacivert.jpg); background-attachment: scroll; background-position: top left; ' data-section-bg-repeat='no-repeat' ><div class='container' style='height:150px'><div class='template-page content  av-content-small alpha units'><div class='post-entry post-entry-type-page post-entry-6265'><div class='entry-content-wrapper clearfix'>\n<div style='padding-bottom:10px;color:#ffffff;' class='av-special-heading av-special-heading-h3 custom-color-heading   '><h3 class='av-special-heading-tag '  itemprop=\"headline\"  >ISO 14001: \u00c7evre Y\u00f6netim Sistemi<\/h3><div class='special-heading-border'><div class='special-heading-inner-border' style='border-color:#ffffff'><\/div><\/div><\/div>\n<\/div><\/div><\/div><!-- close content main div --><\/div><\/div><div id='after_section_1' class='main_color av_default_container_wrap container_wrap sidebar_right'   ><div class='container' ><div class='template-page content  av-content-small alpha units'><div class='post-entry post-entry-type-page post-entry-6265'><div class='entry-content-wrapper clearfix'>\n<div class='avia-image-container  av-styling-    avia-align-center '  itemprop=\"ImageObject\" itemscope=\"itemscope\" itemtype=\"https:\/\/schema.org\/ImageObject\"  ><div class='avia-image-container-inner'><img class='avia_image ' src='https:\/\/northakademi.com\/tr\/wp-content\/uploads\/2019\/12\/iso-14001-north-ust.jpg' alt='' title=''   itemprop=\"thumbnailUrl\"  \/><\/div><\/div>\n<div class=\"flex_column av_one_full  flex_column_div av-zero-column-padding first  \" style='border-radius:0px; '><section class=\"av_textblock_section \"  itemscope=\"itemscope\" itemtype=\"https:\/\/schema.org\/CreativeWork\" ><div class='avia_textblock  '   itemprop=\"text\" ><p><strong>ISO 14001 Nedir?<\/strong><\/p>\n<p>\u00c7evre Y\u00f6netim Belgelendirmesidir. Yani bir \u00fcretim alan\u0131nda faaliyetlere devam eden; hava, toprak, su ve do\u011fal kaynalar, bitkiler ve hayvan \u00e7e\u015fitlili\u011fi ve insanlar\u0131 da i\u00e7ine alan ve bunlar\u0131n birbirleriyle ili\u015fkilendirilmesine denir. \u00dcretimin ilk aya\u011f\u0131ndan t\u00fcketiciye ula\u015ft\u0131r\u0131lmas\u0131 a\u015famas\u0131na kadar ge\u00e7en s\u00fcre zarf\u0131nda etraf\u0131nda bulanan etkilerine dikkat edilerek uygulanmas\u0131na yarayan sistematik bir etkile\u015fimdir.<\/p>\n<p><strong>ISO 14001 \u00c7EVRE Y\u00d6NET\u0130M S\u0130STEM\u0130<\/strong><\/p>\n<p>Iso 14001, bir kurulu\u015fun \u00e7evresine kar\u015f\u0131 olan eforunun denetlenmesi ve ileriye y\u00f6nelik ad\u0131mlar\u0131n bir di\u011fer anlam\u0131yla olu\u015fum s\u00fcrecinin evrensel bir standartt\u0131d\u0131r. Gittik\u00e7e \u00e7o\u011falan d\u00fcnya n\u00fcfus teknolojik h\u0131zla ilerlemenin vermi\u015f oldu\u011fu haz ve ilerlemenin s\u00fcrati, insano\u011flunun ya\u015famsal sahas\u0131ndaki k\u0131salmas\u0131, ekolojik \u00e7evrenin y\u0131k\u0131lmas\u0131, y\u00fcksek ve \u015fiddetli g\u00fcr\u00fclt\u00fcler, noksanl\u0131 uygulama, bilgi lugat\u0131ndaki noksanl\u0131k ve ilave edilecek birden fazla \u00e7evreyi olumsuz y\u00f6nde etkileyen etkenler, son zamanlarda insanlar\u0131n yasay\u0131\u015f \u015feklini ve ya\u015fam d\u00fczeyini tehdit eden ba\u015fl\u0131ca etkenlerdir.<\/p>\n<p>2000 y\u0131llar\u0131ndan ba\u015flayarak son yar\u0131mdaki ge\u00e7en s\u00fcre neticesinde insano\u011flunu a\u00e7\u0131k\u00e7a rahats\u0131z eden bir sorun halini alan \u00e7evre kirlili\u011fi ve end\u00fcstriyel geli\u015fme g\u00fcnden g\u00fcne kendini fazlas\u0131yla hissettirmeye ba\u015flam\u0131\u015ft\u0131r. \u0130lk ba\u015flarda sadece \u00e7evre kirlili\u011fi olarak nitelendirilen ve Uluslararas\u0131 bir \u015fekil almadan ve mahalli nitelik ta\u015f\u0131yan \u00e7evre kirlili\u011fi g\u00fcnden g\u00fcne h\u0131zla bir \u015fekilde artarak,mahalli \u00f6zellikten s\u0131yr\u0131larak d\u00fcnya sorunu niteli\u011fi kazanm\u0131\u015ft\u0131r.<\/p>\n<p>Yap\u0131lan bu \u00e7e\u015fitli ara\u015ft\u0131rmalar neticesinde Uluslararas\u0131 Standartlar Organizasyonunda \u00e7evre tahribat\u0131n \u00f6nlenmesini konusu ISO 14000 standartlar\u0131 toplanm\u0131\u015ft\u0131r. Bu olumsuzluklar\u0131n \u00f6n\u00fcne ge\u00e7ilmek ve insan\u0131n \u00e7evre fakt\u00f6r\u00fcn\u00fc verdi\u011fi zarar\u0131 yok etmek yada en aza indirmek amac\u0131yla cevre standartlar\u0131 eskiye nazaran daha fazla bir \u015fekilde dillendirilmeye baslanm\u0131\u015f ve \u00e7evreye hitaben ulusal ve Uluslararas\u0131 legal tertibatlar yap\u0131lmaya konulmu\u015ftur. Bu alanda \u00e7evrenin d\u0131\u015f fakt\u00f6rlerin zarar\u0131ndan engellemesine y\u00f6nelik Uluslararas\u0131 Standartlar Organizasyonu (ISO)\u2019 kendisinin yay\u0131mlam\u0131\u015f oldu\u011fu seriye ISO 14000 ismi verilmektedir. Bu seriler \u00fcretim end\u00fcstrilerin \u00e7evre fakt\u00f6r\u00fcn\u00fc kar\u015f\u0131 eforlar\u0131n\u0131n irdelenmesini, eksikliklerinin tamamlanmas\u0131n\u0131 ve bunlar dahilinde \u00e7evre etmenleriyle ilgili b\u00fct\u00fcn legal d\u00fczenlemelere uyulmas\u0131n\u0131 bir ko\u015ful olarak sunmaktad\u0131r. Buna nazaran canl\u0131lar\u0131n ya\u015fam sahalar\u0131 daralmakta, do\u011fal etkenlerin \u00e7evreye vermi\u015f oldu\u011fu etki g\u00fcn ge\u00e7tik\u00e7e artmakta ve yasam\u0131 ve ya\u015fam kalitesine tehdit unsuru olu\u015fturmaktad\u0131r.<\/p>\n<\/div><\/section><\/div>\n","protected":false},"excerpt":{"rendered":"","protected":false},"author":1,"featured_media":0,"parent":6259,"menu_order":0,"comment_status":"closed","ping_status":"closed","template":"","meta":{"footnotes":""},"_links":{"self":[{"href":"https:\/\/northakademi.com\/tr\/wp-json\/wp\/v2\/pages\/6265"}],"collection":[{"href":"https:\/\/northakademi.com\/tr\/wp-json\/wp\/v2\/pages"}],"about":[{"href":"https:\/\/northakademi.com\/tr\/wp-json\/wp\/v2\/types\/page"}],"author":[{"embeddable":true,"href":"https:\/\/northakademi.com\/tr\/wp-json\/wp\/v2\/users\/1"}],"replies":[{"embeddable":true,"href":"https:\/\/northakademi.com\/tr\/wp-json\/wp\/v2\/comments?post=6265"}],"version-history":[{"count":4,"href":"https:\/\/northakademi.com\/tr\/wp-json\/wp\/v2\/pages\/6265\/revisions"}],"predecessor-version":[{"id":6812,"href":"https:\/\/northakademi.com\/tr\/wp-json\/wp\/v2\/pages\/6265\/revisions\/6812"}],"up":[{"embeddable":true,"href":"https:\/\/northakademi.com\/tr\/wp-json\/wp\/v2\/pages\/6259"}],"wp:attachment":[{"href":"https:\/\/northakademi.com\/tr\/wp-json\/wp\/v2\/media?parent=6265"}],"curies":[{"name":"wp","href":"https:\/\/api.w.org\/{rel}","templated":true}]}}