{"id":6259,"date":"2019-12-08T21:29:54","date_gmt":"2019-12-08T18:29:54","guid":{"rendered":"https:\/\/northakademi.com\/tr\/?page_id=6259"},"modified":"2020-04-29T05:32:49","modified_gmt":"2020-04-29T02:32:49","slug":"sistem-belgelendirme","status":"publish","type":"page","link":"https:\/\/northakademi.com\/tr\/belgelendirme\/sistem-belgelendirme\/","title":{"rendered":"Sistem Belgelendirme"},"content":{"rendered":"<\/div><\/div><\/div><!-- close content main div --><\/div><\/div><div id='av_section_1' class='avia-section main_color avia-section-default avia-no-shadow avia-bg-style-scroll   av-minimum-height av-minimum-height-custom container_wrap sidebar_right' style = 'background-repeat: no-repeat; background-image: url(https:\/\/northakademi.com\/tr\/wp-content\/uploads\/2019\/12\/slide-north-akademi-siyah-lacivert.jpg); background-attachment: scroll; background-position: top left; ' data-section-bg-repeat='no-repeat' ><div class='container' style='height:150px'><div class='template-page content  av-content-small alpha units'><div class='post-entry post-entry-type-page post-entry-6259'><div class='entry-content-wrapper clearfix'>\n<div style='padding-bottom:10px;color:#ffffff;' class='av-special-heading av-special-heading-h3 custom-color-heading   '><h3 class='av-special-heading-tag '  itemprop=\"headline\"  >Sistem Belgelendirme<\/h3><div class='special-heading-border'><div class='special-heading-inner-border' style='border-color:#ffffff'><\/div><\/div><\/div>\n<\/div><\/div><\/div><!-- close content main div --><\/div><\/div><div id='after_section_1' class='main_color av_default_container_wrap container_wrap sidebar_right'   ><div class='container' ><div class='template-page content  av-content-small alpha units'><div class='post-entry post-entry-type-page post-entry-6259'><div class='entry-content-wrapper clearfix'>\n<div class=\"flex_column av_one_third  flex_column_div av-zero-column-padding first  \" style='border-radius:0px; '><article class=\"iconbox iconbox_top main_color    \"  itemscope=\"itemscope\" itemtype=\"https:\/\/schema.org\/CreativeWork\" ><div class=\"iconbox_content\"><header class=\"entry-content-header\"><div class=\"iconbox_icon heading-color \" aria-hidden='true' data-av_icon='\ue84d' data-av_iconfont='entypo-fontello'  style='background-color:#2e3ca5; ' ><\/div><h3 class='iconbox_content_title '  itemprop=\"headline\"  >ISO 9001:2015<\/h3><\/header><div class='iconbox_content_container  '  itemprop=\"text\"  ><p>Kalite Y\u00f6netim Sistemi<\/p>\n<\/div><\/div><footer class=\"entry-footer\"><\/footer><\/article><\/div>\n<div class=\"flex_column av_one_third  flex_column_div av-zero-column-padding   \" style='border-radius:0px; '><article class=\"iconbox iconbox_top main_color    \"  itemscope=\"itemscope\" itemtype=\"https:\/\/schema.org\/CreativeWork\" ><div class=\"iconbox_content\"><header class=\"entry-content-header\"><a href='https:\/\/northakademi.com\/tr\/belgelendirme\/sistem-belgelendirme\/iso-14001-cevre-yonetim-sistemi\/' title='ISO 14001'  class=\"iconbox_icon heading-color \" aria-hidden='true' data-av_icon='\ue84d' data-av_iconfont='entypo-fontello'  style='background-color:#2e3ca5; ' ><\/a><h3 class='iconbox_content_title '  itemprop=\"headline\"  ><a href='https:\/\/northakademi.com\/tr\/belgelendirme\/sistem-belgelendirme\/iso-14001-cevre-yonetim-sistemi\/' title='ISO 14001' >ISO 14001<\/a><\/h3><\/header><div class='iconbox_content_container  '  itemprop=\"text\"  ><p>\u00c7evre Y\u00f6netim Sistemi<\/p>\n<\/div><\/div><footer class=\"entry-footer\"><\/footer><\/article><\/div>\n<div class=\"flex_column av_one_third  flex_column_div av-zero-column-padding   \" style='border-radius:0px; '><article class=\"iconbox iconbox_top main_color    \"  itemscope=\"itemscope\" itemtype=\"https:\/\/schema.org\/CreativeWork\" ><div class=\"iconbox_content\"><header class=\"entry-content-header\"><a href='https:\/\/northakademi.com\/tr\/belgelendirme\/sistem-belgelendirme\/iso-22000-gida-yonetim-sistemi\/' title='ISO 22000'  class=\"iconbox_icon heading-color \" aria-hidden='true' data-av_icon='\ue84d' data-av_iconfont='entypo-fontello'  style='background-color:#2e3ca5; ' ><\/a><h3 class='iconbox_content_title '  itemprop=\"headline\"  ><a href='https:\/\/northakademi.com\/tr\/belgelendirme\/sistem-belgelendirme\/iso-22000-gida-yonetim-sistemi\/' title='ISO 22000' >ISO 22000<\/a><\/h3><\/header><div class='iconbox_content_container  '  itemprop=\"text\"  ><p>G\u0131da Y\u00f6netim Sistemi<\/p>\n<\/div><\/div><footer class=\"entry-footer\"><\/footer><\/article><\/div>\n<div class=\"flex_column av_one_third  flex_column_div av-zero-column-padding first  \" style='border-radius:0px; '><article class=\"iconbox iconbox_top main_color    \"  itemscope=\"itemscope\" itemtype=\"https:\/\/schema.org\/CreativeWork\" ><div class=\"iconbox_content\"><header class=\"entry-content-header\"><a href='https:\/\/northakademi.com\/tr\/belgelendirme\/sistem-belgelendirme\/ohsas-18001-isci-sagligi-ve-is-guvenligi-yonetim-sistemleri\/' title='OHSAS 18001'  class=\"iconbox_icon heading-color \" aria-hidden='true' data-av_icon='\ue84d' data-av_iconfont='entypo-fontello'  style='background-color:#2e3ca5; ' ><\/a><h3 class='iconbox_content_title '  itemprop=\"headline\"  ><a href='https:\/\/northakademi.com\/tr\/belgelendirme\/sistem-belgelendirme\/ohsas-18001-isci-sagligi-ve-is-guvenligi-yonetim-sistemleri\/' title='OHSAS 18001' >OHSAS 18001<\/a><\/h3><\/header><div class='iconbox_content_container  '  itemprop=\"text\"  ><p>\u0130\u015f\u00e7i Sa\u011fl\u0131\u011f\u0131 ve \u0130\u015f G\u00fcvenli\u011fi Y\u00f6netim Sistemleri<\/p>\n<\/div><\/div><footer class=\"entry-footer\"><\/footer><\/article><\/div>\n<div class=\"flex_column av_one_third  flex_column_div av-zero-column-padding   \" style='border-radius:0px; '><article class=\"iconbox iconbox_top main_color    \"  itemscope=\"itemscope\" itemtype=\"https:\/\/schema.org\/CreativeWork\" ><div class=\"iconbox_content\"><header class=\"entry-content-header\"><a href='https:\/\/northakademi.com\/tr\/belgelendirme\/sistem-belgelendirme\/iso-27001-bilgi-guvenligi-yonetim-sistemi\/' title='ISO 27001'  class=\"iconbox_icon heading-color \" aria-hidden='true' data-av_icon='\ue84d' data-av_iconfont='entypo-fontello'  style='background-color:#2e3ca5; ' ><\/a><h3 class='iconbox_content_title '  itemprop=\"headline\"  ><a href='https:\/\/northakademi.com\/tr\/belgelendirme\/sistem-belgelendirme\/iso-27001-bilgi-guvenligi-yonetim-sistemi\/' title='ISO 27001' >ISO 27001<\/a><\/h3><\/header><div class='iconbox_content_container  '  itemprop=\"text\"  ><p>Bilgi G\u00fcvenli\u011fi Y\u00f6netim Sistemi<\/p>\n<\/div><\/div><footer class=\"entry-footer\"><\/footer><\/article><\/div>\n<div class=\"flex_column av_one_third  flex_column_div av-zero-column-padding   \" style='border-radius:0px; '><article class=\"iconbox iconbox_top main_color    \"  itemscope=\"itemscope\" itemtype=\"https:\/\/schema.org\/CreativeWork\" ><div class=\"iconbox_content\"><header class=\"entry-content-header\"><a href='https:\/\/northakademi.com\/tr\/belgelendirme\/sistem-belgelendirme\/iso-10002-musteri-memnuniyeti-yonetim-sistemi\/' title='ISO 10002'  class=\"iconbox_icon heading-color \" aria-hidden='true' data-av_icon='\ue84d' data-av_iconfont='entypo-fontello'  style='background-color:#2e3ca5; ' ><\/a><h3 class='iconbox_content_title '  itemprop=\"headline\"  ><a href='https:\/\/northakademi.com\/tr\/belgelendirme\/sistem-belgelendirme\/iso-10002-musteri-memnuniyeti-yonetim-sistemi\/' title='ISO 10002' >ISO 10002<\/a><\/h3><\/header><div class='iconbox_content_container  '  itemprop=\"text\"  ><p>M\u00fc\u015fteri Memnuniyeti Y\u00f6netim Sistemi<\/p>\n<\/div><\/div><footer class=\"entry-footer\"><\/footer><\/article><\/div><div class=\"flex_column av_one_third  flex_column_div av-zero-column-padding first  \" style='border-radius:0px; '><article class=\"iconbox iconbox_top main_color    \"  itemscope=\"itemscope\" itemtype=\"https:\/\/schema.org\/CreativeWork\" ><div class=\"iconbox_content\"><header class=\"entry-content-header\"><a href='https:\/\/northakademi.com\/tr\/belgelendirme\/sistem-belgelendirme\/iso-50001-enerji-yonetim-sistemi\/' title='ISO 50001'  class=\"iconbox_icon heading-color \" aria-hidden='true' data-av_icon='\ue84d' data-av_iconfont='entypo-fontello'  style='background-color:#2e3ca5; ' ><\/a><h3 class='iconbox_content_title '  itemprop=\"headline\"  ><a href='https:\/\/northakademi.com\/tr\/belgelendirme\/sistem-belgelendirme\/iso-50001-enerji-yonetim-sistemi\/' title='ISO 50001' >ISO 50001<\/a><\/h3><\/header><div class='iconbox_content_container  '  itemprop=\"text\"  ><p>Enerji Y\u00f6netim Sistemi<\/p>\n<\/div><\/div><footer class=\"entry-footer\"><\/footer><\/article><\/div><div class=\"flex_column av_one_third  flex_column_div av-zero-column-padding   \" style='border-radius:0px; '><article class=\"iconbox iconbox_top main_color    \"  itemscope=\"itemscope\" itemtype=\"https:\/\/schema.org\/CreativeWork\" ><div class=\"iconbox_content\"><header class=\"entry-content-header\"><a href='https:\/\/northakademi.com\/tr\/belgelendirme\/sistem-belgelendirme\/iso-ts-16949-otomotiv-kalite-yonetim-sistemi\/' title='ISO TS 16949'  class=\"iconbox_icon heading-color \" aria-hidden='true' data-av_icon='\ue84d' data-av_iconfont='entypo-fontello'  style='background-color:#2e3ca5; ' ><\/a><h3 class='iconbox_content_title '  itemprop=\"headline\"  ><a href='https:\/\/northakademi.com\/tr\/belgelendirme\/sistem-belgelendirme\/iso-ts-16949-otomotiv-kalite-yonetim-sistemi\/' title='ISO TS 16949' >ISO TS 16949<\/a><\/h3><\/header><div class='iconbox_content_container  '  itemprop=\"text\"  ><p>Otomotiv Kalite Y\u00f6netim Sistemi<\/p>\n<\/div><\/div><footer class=\"entry-footer\"><\/footer><\/article><\/div><\/p>\n<div class=\"flex_column av_one_third  flex_column_div av-zero-column-padding   \" style='border-radius:0px; '><article class=\"iconbox iconbox_top main_color    \"  itemscope=\"itemscope\" itemtype=\"https:\/\/schema.org\/CreativeWork\" ><div class=\"iconbox_content\"><header class=\"entry-content-header\"><a href='https:\/\/northakademi.com\/tr\/belgelendirme\/sistem-belgelendirme\/iso-22301-is-surekliligi-yonetim-sistemi\/' title='ISO 22301'  class=\"iconbox_icon heading-color \" aria-hidden='true' data-av_icon='\ue84d' data-av_iconfont='entypo-fontello'  style='background-color:#2e3ca5; ' ><\/a><h3 class='iconbox_content_title '  itemprop=\"headline\"  ><a href='https:\/\/northakademi.com\/tr\/belgelendirme\/sistem-belgelendirme\/iso-22301-is-surekliligi-yonetim-sistemi\/' title='ISO 22301' >ISO 22301<\/a><\/h3><\/header><div class='iconbox_content_container  '  itemprop=\"text\"  ><p>\u0130\u015f S\u00fcreklili\u011fi Y\u00f6netim Sistemi<\/p>\n<\/div><\/div><footer class=\"entry-footer\"><\/footer><\/article><\/div>\n<div class=\"flex_column av_one_third  flex_column_div av-zero-column-padding first  \" style='border-radius:0px; '><article class=\"iconbox iconbox_top main_color    \"  itemscope=\"itemscope\" itemtype=\"https:\/\/schema.org\/CreativeWork\" ><div class=\"iconbox_content\"><header class=\"entry-content-header\"><a href='https:\/\/northakademi.com\/tr\/belgelendirme\/sistem-belgelendirme\/iso-31000-kurumsal-risk-yonetim-sistemi\/' title='ISO 31000'  class=\"iconbox_icon heading-color \" aria-hidden='true' data-av_icon='\ue84d' data-av_iconfont='entypo-fontello'  style='background-color:#2e3ca5; ' ><\/a><h3 class='iconbox_content_title '  itemprop=\"headline\"  ><a href='https:\/\/northakademi.com\/tr\/belgelendirme\/sistem-belgelendirme\/iso-31000-kurumsal-risk-yonetim-sistemi\/' title='ISO 31000' >ISO 31000<\/a><\/h3><\/header><div class='iconbox_content_container  '  itemprop=\"text\"  ><p>Kurumsal Risk Y\u00f6netim Sistemi<\/p>\n<\/div><\/div><footer class=\"entry-footer\"><\/footer><\/article><\/div>\n<div class=\"flex_column av_one_third  flex_column_div av-zero-column-padding   \" style='border-radius:0px; '><article class=\"iconbox iconbox_top main_color    \"  itemscope=\"itemscope\" itemtype=\"https:\/\/schema.org\/CreativeWork\" ><div class=\"iconbox_content\"><header class=\"entry-content-header\"><a href='https:\/\/northakademi.com\/tr\/belgelendirme\/sistem-belgelendirme\/iso-39001-yol-ve-trafik-guvenligi-yonetim-sistemi\/' title='ISO 39001'  class=\"iconbox_icon heading-color \" aria-hidden='true' data-av_icon='\ue84d' data-av_iconfont='entypo-fontello'  style='background-color:#2e3ca5; ' ><\/a><h3 class='iconbox_content_title '  itemprop=\"headline\"  ><a href='https:\/\/northakademi.com\/tr\/belgelendirme\/sistem-belgelendirme\/iso-39001-yol-ve-trafik-guvenligi-yonetim-sistemi\/' title='ISO 39001' >ISO 39001<\/a><\/h3><\/header><div class='iconbox_content_container  '  itemprop=\"text\"  ><p>Yol ve Trafik G\u00fcvenli\u011fi Y\u00f6netim Sistemi<\/p>\n<\/div><\/div><footer class=\"entry-footer\"><\/footer><\/article><\/div>\n<div class=\"flex_column av_one_third  flex_column_div av-zero-column-padding   \" style='border-radius:0px; '><article class=\"iconbox iconbox_top main_color    \"  itemscope=\"itemscope\" itemtype=\"https:\/\/schema.org\/CreativeWork\" ><div class=\"iconbox_content\"><header class=\"entry-content-header\"><a href='https:\/\/northakademi.com\/tr\/belgelendirme\/sistem-belgelendirme\/iso-28001-tedarik-zinciri-guvenligi-yonetim-sistemi\/' title='ISO 28001'  class=\"iconbox_icon heading-color \" aria-hidden='true' data-av_icon='\ue84d' data-av_iconfont='entypo-fontello'  style='background-color:#2e3ca5; ' ><\/a><h3 class='iconbox_content_title '  itemprop=\"headline\"  ><a href='https:\/\/northakademi.com\/tr\/belgelendirme\/sistem-belgelendirme\/iso-28001-tedarik-zinciri-guvenligi-yonetim-sistemi\/' title='ISO 28001' >ISO 28001<\/a><\/h3><\/header><div class='iconbox_content_container  '  itemprop=\"text\"  ><p>Tedarik Zinciri G\u00fcvenli\u011fi Y\u00f6netim Sistemi<\/p>\n<\/div><\/div><footer class=\"entry-footer\"><\/footer><\/article><\/div>\n<div class=\"flex_column av_one_third  flex_column_div av-zero-column-padding first  \" style='border-radius:0px; '><article class=\"iconbox iconbox_top main_color    \"  itemscope=\"itemscope\" itemtype=\"https:\/\/schema.org\/CreativeWork\" ><div class=\"iconbox_content\"><header class=\"entry-content-header\"><a href='https:\/\/northakademi.com\/tr\/belgelendirme\/sistem-belgelendirme\/iso-26000-sosyal-sorumluluk-yonetim-sistemi\/' title='ISO 26000'  class=\"iconbox_icon heading-color \" aria-hidden='true' data-av_icon='\ue84d' data-av_iconfont='entypo-fontello'  style='background-color:#2e3ca5; ' ><\/a><h3 class='iconbox_content_title '  itemprop=\"headline\"  ><a href='https:\/\/northakademi.com\/tr\/belgelendirme\/sistem-belgelendirme\/iso-26000-sosyal-sorumluluk-yonetim-sistemi\/' title='ISO 26000' >ISO 26000<\/a><\/h3><\/header><div class='iconbox_content_container  '  itemprop=\"text\"  ><p>Sosyal Sorumluluk Y\u00f6netim Sistemi<\/p>\n<\/div><\/div><footer class=\"entry-footer\"><\/footer><\/article><\/div>\n<div class=\"flex_column av_one_third  flex_column_div av-zero-column-padding   \" style='border-radius:0px; '><article class=\"iconbox iconbox_top main_color    \"  itemscope=\"itemscope\" itemtype=\"https:\/\/schema.org\/CreativeWork\" ><div class=\"iconbox_content\"><header class=\"entry-content-header\"><a href='https:\/\/northakademi.com\/tr\/belgelendirme\/sistem-belgelendirme\/iso-15838-musteri-iletisim-merkezi-yonetim-sistemi\/' title='ISO 15838'  class=\"iconbox_icon heading-color \" aria-hidden='true' data-av_icon='\ue84d' data-av_iconfont='entypo-fontello'  style='background-color:#2e3ca5; ' ><\/a><h3 class='iconbox_content_title '  itemprop=\"headline\"  ><a href='https:\/\/northakademi.com\/tr\/belgelendirme\/sistem-belgelendirme\/iso-15838-musteri-iletisim-merkezi-yonetim-sistemi\/' title='ISO 15838' >ISO 15838<\/a><\/h3><\/header><div class='iconbox_content_container  '  itemprop=\"text\"  ><p>M\u00fc\u015fteri \u0130leti\u015fim Merkezi Y\u00f6netim Sistemi<\/p>\n<\/div><\/div><footer class=\"entry-footer\"><\/footer><\/article><\/div>\n<div class=\"flex_column av_one_third  flex_column_div av-zero-column-padding   \" style='border-radius:0px; '><article class=\"iconbox iconbox_top main_color    \"  itemscope=\"itemscope\" itemtype=\"https:\/\/schema.org\/CreativeWork\" ><div class=\"iconbox_content\"><header class=\"entry-content-header\"><a href='https:\/\/northakademi.com\/tr\/belgelendirme\/sistem-belgelendirme\/iso-15038-tercume-hizmetleri-yonetim-sistemi\/' title='ISO 15038'  class=\"iconbox_icon heading-color \" aria-hidden='true' data-av_icon='\ue84d' data-av_iconfont='entypo-fontello'  style='background-color:#2e3ca5; ' ><\/a><h3 class='iconbox_content_title '  itemprop=\"headline\"  ><a href='https:\/\/northakademi.com\/tr\/belgelendirme\/sistem-belgelendirme\/iso-15038-tercume-hizmetleri-yonetim-sistemi\/' title='ISO 15038' >ISO 15038<\/a><\/h3><\/header><div class='iconbox_content_container  '  itemprop=\"text\"  ><p>Terc\u00fcme Hizmetleri Y\u00f6netim Sistemi<\/p>\n<\/div><\/div><footer class=\"entry-footer\"><\/footer><\/article><\/div>\n<div class=\"flex_column av_one_third  flex_column_div av-zero-column-padding first  \" style='border-radius:0px; '><article class=\"iconbox iconbox_top main_color    \"  itemscope=\"itemscope\" itemtype=\"https:\/\/schema.org\/CreativeWork\" ><div class=\"iconbox_content\"><header class=\"entry-content-header\"><a href='https:\/\/northakademi.com\/tr\/belgelendirme\/sistem-belgelendirme\/iso-15504-yazilim-surec-degerlendirme-sistemi\/' title='ISO 15504'  class=\"iconbox_icon heading-color \" aria-hidden='true' data-av_icon='\ue84d' data-av_iconfont='entypo-fontello'  style='background-color:#2e3ca5; ' ><\/a><h3 class='iconbox_content_title '  itemprop=\"headline\"  ><a href='https:\/\/northakademi.com\/tr\/belgelendirme\/sistem-belgelendirme\/iso-15504-yazilim-surec-degerlendirme-sistemi\/' title='ISO 15504' >ISO 15504<\/a><\/h3><\/header><div class='iconbox_content_container  '  itemprop=\"text\"  ><p>Yaz\u0131l\u0131m S\u00fcre\u00e7 De\u011ferlendirme Sistemi<\/p>\n<\/div><\/div><footer class=\"entry-footer\"><\/footer><\/article><\/div>\n<div class=\"flex_column av_one_third  flex_column_div av-zero-column-padding   \" style='border-radius:0px; '><article class=\"iconbox iconbox_top main_color    \"  itemscope=\"itemscope\" itemtype=\"https:\/\/schema.org\/CreativeWork\" ><div class=\"iconbox_content\"><header class=\"entry-content-header\"><a href='https:\/\/northakademi.com\/tr\/belgelendirme\/sistem-belgelendirme\/glp-iyi-labaratuar-uygulama-sistemi\/' title='GLP '  class=\"iconbox_icon heading-color \" aria-hidden='true' data-av_icon='\ue84d' data-av_iconfont='entypo-fontello'  style='background-color:#2e3ca5; ' ><\/a><h3 class='iconbox_content_title '  itemprop=\"headline\"  ><a href='https:\/\/northakademi.com\/tr\/belgelendirme\/sistem-belgelendirme\/glp-iyi-labaratuar-uygulama-sistemi\/' title='GLP ' >GLP <\/a><\/h3><\/header><div class='iconbox_content_container  '  itemprop=\"text\"  ><p>\u0130yi Labaratuar Uygulama Sistemi<\/p>\n<\/div><\/div><footer class=\"entry-footer\"><\/footer><\/article><\/div>\n<div class=\"flex_column av_one_third  flex_column_div av-zero-column-padding   \" style='border-radius:0px; '><article class=\"iconbox iconbox_top main_color    \"  itemscope=\"itemscope\" itemtype=\"https:\/\/schema.org\/CreativeWork\" ><div class=\"iconbox_content\"><header class=\"entry-content-header\"><a href='https:\/\/northakademi.com\/tr\/belgelendirme\/sistem-belgelendirme\/fsc-coc-orman-yonetim-sistemi\/' title='FSC-Coc'  class=\"iconbox_icon heading-color \" aria-hidden='true' data-av_icon='\ue84d' data-av_iconfont='entypo-fontello'  style='background-color:#2e3ca5; ' ><\/a><h3 class='iconbox_content_title '  itemprop=\"headline\"  ><a href='https:\/\/northakademi.com\/tr\/belgelendirme\/sistem-belgelendirme\/fsc-coc-orman-yonetim-sistemi\/' title='FSC-Coc' >FSC-Coc<\/a><\/h3><\/header><div class='iconbox_content_container  '  itemprop=\"text\"  ><p>Orman Y\u00f6netim Sistemi<\/p>\n<\/div><\/div><footer class=\"entry-footer\"><\/footer><\/article><\/div>\n<div class=\"flex_column av_one_third  flex_column_div av-zero-column-padding first  \" style='border-radius:0px; '><article class=\"iconbox iconbox_top main_color    \"  itemscope=\"itemscope\" itemtype=\"https:\/\/schema.org\/CreativeWork\" ><div class=\"iconbox_content\"><header class=\"entry-content-header\"><a href='https:\/\/northakademi.com\/tr\/belgelendirme\/sistem-belgelendirme\/iso-3834-en-15085-kaynakli-imalat-yeterlilik-yonetim-sistemi\/' title='ISO 3834 (EN 15085)'  class=\"iconbox_icon heading-color \" aria-hidden='true' data-av_icon='\ue84d' data-av_iconfont='entypo-fontello'  style='background-color:#2e3ca5; ' ><\/a><h3 class='iconbox_content_title '  itemprop=\"headline\"  ><a href='https:\/\/northakademi.com\/tr\/belgelendirme\/sistem-belgelendirme\/iso-3834-en-15085-kaynakli-imalat-yeterlilik-yonetim-sistemi\/' title='ISO 3834 (EN 15085)' >ISO 3834 (EN 15085)<\/a><\/h3><\/header><div class='iconbox_content_container  '  itemprop=\"text\"  ><p>Kaynakl\u0131 \u0130malat Yeterlilik Y\u00f6netim Sistemi<\/p>\n<\/div><\/div><footer class=\"entry-footer\"><\/footer><\/article><\/div>\n<div class=\"flex_column av_one_third  flex_column_div av-zero-column-padding   \" style='border-radius:0px; '><article class=\"iconbox iconbox_top main_color    \"  itemscope=\"itemscope\" itemtype=\"https:\/\/schema.org\/CreativeWork\" ><div class=\"iconbox_content\"><header class=\"entry-content-header\"><a href='https:\/\/northakademi.com\/tr\/belgelendirme\/sistem-belgelendirme\/iso-45001-is-sagligi-ve-guvenligi-yonetim-sistemi\/' title='ISO 45001'  class=\"iconbox_icon heading-color \" aria-hidden='true' data-av_icon='\ue84d' data-av_iconfont='entypo-fontello'  style='background-color:#2e3ca5; ' ><\/a><h3 class='iconbox_content_title '  itemprop=\"headline\"  ><a href='https:\/\/northakademi.com\/tr\/belgelendirme\/sistem-belgelendirme\/iso-45001-is-sagligi-ve-guvenligi-yonetim-sistemi\/' title='ISO 45001' >ISO 45001<\/a><\/h3><\/header><div class='iconbox_content_container  '  itemprop=\"text\"  ><p>\u0130\u015f Sa\u011fl\u0131\u011f\u0131 ve G\u00fcvenli\u011fi Y\u00f6netim Sistemi<\/p>\n<\/div><\/div><footer class=\"entry-footer\"><\/footer><\/article><\/div>\n<div class=\"flex_column av_one_third  flex_column_div av-zero-column-padding   \" style='border-radius:0px; '><article class=\"iconbox iconbox_top main_color    \"  itemscope=\"itemscope\" itemtype=\"https:\/\/schema.org\/CreativeWork\" ><div class=\"iconbox_content\"><header class=\"entry-content-header\"><a href='https:\/\/northakademi.com\/tr\/belgelendirme\/sistem-belgelendirme\/iso-13485-tibbi-cihazlar-kalite-yonetim-sistemi\/' title='ISO 13485'  class=\"iconbox_icon heading-color \" aria-hidden='true' data-av_icon='\ue84d' data-av_iconfont='entypo-fontello'  style='background-color:#2e3ca5; ' ><\/a><h3 class='iconbox_content_title '  itemprop=\"headline\"  ><a href='https:\/\/northakademi.com\/tr\/belgelendirme\/sistem-belgelendirme\/iso-13485-tibbi-cihazlar-kalite-yonetim-sistemi\/' title='ISO 13485' >ISO 13485<\/a><\/h3><\/header><div class='iconbox_content_container  '  itemprop=\"text\"  ><p>T\u0131bbi Cihazlar Kalite Y\u00f6netim Sistemi<\/p>\n<\/div><\/div><footer class=\"entry-footer\"><\/footer><\/article><\/div>\n","protected":false},"excerpt":{"rendered":"","protected":false},"author":1,"featured_media":0,"parent":6257,"menu_order":0,"comment_status":"closed","ping_status":"closed","template":"","meta":{"footnotes":""},"_links":{"self":[{"href":"https:\/\/northakademi.com\/tr\/wp-json\/wp\/v2\/pages\/6259"}],"collection":[{"href":"https:\/\/northakademi.com\/tr\/wp-json\/wp\/v2\/pages"}],"about":[{"href":"https:\/\/northakademi.com\/tr\/wp-json\/wp\/v2\/types\/page"}],"author":[{"embeddable":true,"href":"https:\/\/northakademi.com\/tr\/wp-json\/wp\/v2\/users\/1"}],"replies":[{"embeddable":true,"href":"https:\/\/northakademi.com\/tr\/wp-json\/wp\/v2\/comments?post=6259"}],"version-history":[{"count":9,"href":"https:\/\/northakademi.com\/tr\/wp-json\/wp\/v2\/pages\/6259\/revisions"}],"predecessor-version":[{"id":7482,"href":"https:\/\/northakademi.com\/tr\/wp-json\/wp\/v2\/pages\/6259\/revisions\/7482"}],"up":[{"embeddable":true,"href":"https:\/\/northakademi.com\/tr\/wp-json\/wp\/v2\/pages\/6257"}],"wp:attachment":[{"href":"https:\/\/northakademi.com\/tr\/wp-json\/wp\/v2\/media?parent=6259"}],"curies":[{"name":"wp","href":"https:\/\/api.w.org\/{rel}","templated":true}]}}