{"id":6239,"date":"2019-12-08T21:05:48","date_gmt":"2019-12-08T18:05:48","guid":{"rendered":"https:\/\/northakademi.com\/tr\/?page_id=6239"},"modified":"2019-12-23T12:50:15","modified_gmt":"2019-12-23T09:50:15","slug":"avanti-periyodik-kontrolu","status":"publish","type":"page","link":"https:\/\/northakademi.com\/tr\/periyodik-kontrol-muayene\/ruzgar-turbini-kule-ici-kontroller\/avanti-periyodik-kontrolu\/","title":{"rendered":"AVANT\u0130 Periyodik Kontrol\u00fc"},"content":{"rendered":"<\/div><\/div><\/div><!-- close content main div --><\/div><\/div><div id='av_section_1' class='avia-section main_color avia-section-default avia-no-shadow avia-bg-style-scroll   av-minimum-height av-minimum-height-custom container_wrap sidebar_right' style = 'background-repeat: no-repeat; background-image: url(https:\/\/northakademi.com\/tr\/wp-content\/uploads\/2019\/12\/slide-north-akademi-siyah-lacivert.jpg); background-attachment: scroll; background-position: top left; ' data-section-bg-repeat='no-repeat' ><div class='container' style='height:150px'><div class='template-page content  av-content-small alpha units'><div class='post-entry post-entry-type-page post-entry-6239'><div class='entry-content-wrapper clearfix'>\n<div style='padding-bottom:10px;color:#ffffff;' class='av-special-heading av-special-heading-h3 custom-color-heading   '><h3 class='av-special-heading-tag '  itemprop=\"headline\"  >AVANT\u0130 Periyodik Kontrol\u00fc<\/h3><div class='special-heading-border'><div class='special-heading-inner-border' style='border-color:#ffffff'><\/div><\/div><\/div>\n<\/div><\/div><\/div><!-- close content main div --><\/div><\/div><div id='after_section_1' class='main_color av_default_container_wrap container_wrap sidebar_right'   ><div class='container' ><div class='template-page content  av-content-small alpha units'><div class='post-entry post-entry-type-page post-entry-6239'><div class='entry-content-wrapper clearfix'><div class=\"flex_column av_one_full  flex_column_div av-zero-column-padding first  \" style='border-radius:0px; '><section class=\"av_textblock_section \"  itemscope=\"itemscope\" itemtype=\"https:\/\/schema.org\/CreativeWork\" ><div class='avia_textblock  '   itemprop=\"text\" ><p>Ayr\u0131ca mevcut sistemlerin yerinde incelenmesi, y\u00fcksek \/ kapal\u0131 alan \/ a\u00e7\u0131k saha ekipmanlar\u0131n, \u00e7al\u0131\u015fmalar\u0131n incelenmesi, de\u011ferlendirilmesi, i\u015faretlenmesi ve raporlanmas\u0131n\u0131 ve en iyi uygulama sistemlerinin tan\u0131t\u0131m\u0131n\u0131 ger\u00e7ekle\u015ftirmekteyiz.<\/p>\n<p>North Akademi, Avanti markal\u0131 ekipman\u0131n muayene, servis, bak\u0131m (\u00fcreticinin izin verdi\u011fi) onar\u0131mlar\u0131n\u0131 yapmaktad\u0131r.<\/p>\n<\/div><\/section><\/div><\/p>\n","protected":false},"excerpt":{"rendered":"","protected":false},"author":1,"featured_media":0,"parent":6231,"menu_order":0,"comment_status":"closed","ping_status":"closed","template":"","meta":{"footnotes":""},"_links":{"self":[{"href":"https:\/\/northakademi.com\/tr\/wp-json\/wp\/v2\/pages\/6239"}],"collection":[{"href":"https:\/\/northakademi.com\/tr\/wp-json\/wp\/v2\/pages"}],"about":[{"href":"https:\/\/northakademi.com\/tr\/wp-json\/wp\/v2\/types\/page"}],"author":[{"embeddable":true,"href":"https:\/\/northakademi.com\/tr\/wp-json\/wp\/v2\/users\/1"}],"replies":[{"embeddable":true,"href":"https:\/\/northakademi.com\/tr\/wp-json\/wp\/v2\/comments?post=6239"}],"version-history":[{"count":3,"href":"https:\/\/northakademi.com\/tr\/wp-json\/wp\/v2\/pages\/6239\/revisions"}],"predecessor-version":[{"id":6789,"href":"https:\/\/northakademi.com\/tr\/wp-json\/wp\/v2\/pages\/6239\/revisions\/6789"}],"up":[{"embeddable":true,"href":"https:\/\/northakademi.com\/tr\/wp-json\/wp\/v2\/pages\/6231"}],"wp:attachment":[{"href":"https:\/\/northakademi.com\/tr\/wp-json\/wp\/v2\/media?parent=6239"}],"curies":[{"name":"wp","href":"https:\/\/api.w.org\/{rel}","templated":true}]}}