{"id":6237,"date":"2019-12-08T21:05:29","date_gmt":"2019-12-08T18:05:29","guid":{"rendered":"https:\/\/northakademi.com\/tr\/?page_id=6237"},"modified":"2019-12-23T12:00:05","modified_gmt":"2019-12-23T09:00:05","slug":"skylotec-periyodik-kontrolu","status":"publish","type":"page","link":"https:\/\/northakademi.com\/tr\/periyodik-kontrol-muayene\/ruzgar-turbini-kule-ici-kontroller\/skylotec-periyodik-kontrolu\/","title":{"rendered":"SKYLOTEC Periyodik Kontrol\u00fc"},"content":{"rendered":"<\/div><\/div><\/div><!-- close content main div --><\/div><\/div><div id='av_section_1' class='avia-section main_color avia-section-default avia-no-shadow avia-bg-style-scroll   av-minimum-height av-minimum-height-custom container_wrap sidebar_right' style = 'background-repeat: no-repeat; background-image: url(https:\/\/northakademi.com\/tr\/wp-content\/uploads\/2019\/12\/slide-north-akademi-siyah-lacivert.jpg); background-attachment: scroll; background-position: top left; ' data-section-bg-repeat='no-repeat' ><div class='container' style='height:150px'><div class='template-page content  av-content-small alpha units'><div class='post-entry post-entry-type-page post-entry-6237'><div class='entry-content-wrapper clearfix'>\n<div style='padding-bottom:10px;color:#ffffff;' class='av-special-heading av-special-heading-h3 custom-color-heading   '><h3 class='av-special-heading-tag '  itemprop=\"headline\"  >SKYLOTEC Periyodik Kontrol\u00fc<\/h3><div class='special-heading-border'><div class='special-heading-inner-border' style='border-color:#ffffff'><\/div><\/div><\/div>\n<\/div><\/div><\/div><!-- close content main div --><\/div><\/div><div id='after_section_1' class='main_color av_default_container_wrap container_wrap sidebar_right'   ><div class='container' ><div class='template-page content  av-content-small alpha units'><div class='post-entry post-entry-type-page post-entry-6237'><div class='entry-content-wrapper clearfix'><div class='avia-image-container  av-styling-    avia-align-center '  itemprop=\"ImageObject\" itemscope=\"itemscope\" itemtype=\"https:\/\/schema.org\/ImageObject\"  ><div class='avia-image-container-inner'><img class='avia_image ' src='https:\/\/northakademi.com\/tr\/wp-content\/uploads\/2019\/12\/skylotec-kontrol-north-akademi.jpg' alt='' title=''   itemprop=\"thumbnailUrl\"  \/><\/div><\/div><\/p>\n<div class=\"flex_column av_one_full  flex_column_div av-zero-column-padding first  \" style='border-radius:0px; '><section class=\"av_textblock_section \"  itemscope=\"itemscope\" itemtype=\"https:\/\/schema.org\/CreativeWork\" ><div class='avia_textblock  '   itemprop=\"text\" ><p><strong>KKD&#8217;nin neden kontrol edilmesi gerekiyor?<\/strong><\/p>\n<p>Ki\u015fisel D\u00fc\u015fme Koruma Ekipman\u0131 (KKD), bir uzman taraf\u0131ndan y\u0131lda en az bir kez ve herhangi bir strese maruz kald\u0131ktan sonra veya \u00e7al\u0131\u015fma d\u00fczeniyle ilgili herhangi bir \u015f\u00fcpheniz varsa kontrol edilmelidir. Uzman, ekipman\u0131n iyi \u00e7al\u0131\u015f\u0131r durumda olup olmad\u0131\u011f\u0131na ve profesyonel y\u00f6netmeliklerle tan\u0131mlanan bir olgunluk seviyesine ula\u015f\u0131p ula\u015fmad\u0131\u011f\u0131na karar verecektir. Malzeme muayenesi, Almanya&#8217;da yasal kaza sigortas\u0131 (DGUV t\u00fcz\u00fc\u011f\u00fc 312-906) taraf\u0131ndan y\u00f6netilen ilkelere ve ilgili \u00fcretici \u015fartnamelerine dayanmaktad\u0131r. \u00dcr\u00fcn etiketinin okunabilirli\u011fi de kontrol edilmelidir. Muayene \u00fcretici \u015fartnamelerine g\u00f6re yap\u0131lmal\u0131 ve belgelendirilmelidir.<\/p>\n<p>Ayr\u0131ca mevcut sistemlerin yerinde incelenmesi, y\u00fcksek \/ kapal\u0131 alan \/ a\u00e7\u0131k saha ekipmanlar\u0131n, \u00e7al\u0131\u015fmalar\u0131n incelenmesi, de\u011ferlendirilmesi, i\u015faretlenmesi ve raporlanmas\u0131n\u0131 ve en iyi uygulama sistemlerinin tan\u0131t\u0131m\u0131n\u0131 ger\u00e7ekle\u015ftirmekteyiz.<\/p>\n<p>North Akademi, Skylotec markal\u0131 ekipman\u0131n muayene, servis, bak\u0131m (\u00fcreticinin izin verdi\u011fi) onar\u0131mlar\u0131n\u0131 yapmaktad\u0131r.<\/p>\n<\/div><\/section><\/div>\n","protected":false},"excerpt":{"rendered":"","protected":false},"author":1,"featured_media":0,"parent":6231,"menu_order":0,"comment_status":"closed","ping_status":"closed","template":"","meta":{"footnotes":""},"_links":{"self":[{"href":"https:\/\/northakademi.com\/tr\/wp-json\/wp\/v2\/pages\/6237"}],"collection":[{"href":"https:\/\/northakademi.com\/tr\/wp-json\/wp\/v2\/pages"}],"about":[{"href":"https:\/\/northakademi.com\/tr\/wp-json\/wp\/v2\/types\/page"}],"author":[{"embeddable":true,"href":"https:\/\/northakademi.com\/tr\/wp-json\/wp\/v2\/users\/1"}],"replies":[{"embeddable":true,"href":"https:\/\/northakademi.com\/tr\/wp-json\/wp\/v2\/comments?post=6237"}],"version-history":[{"count":3,"href":"https:\/\/northakademi.com\/tr\/wp-json\/wp\/v2\/pages\/6237\/revisions"}],"predecessor-version":[{"id":6787,"href":"https:\/\/northakademi.com\/tr\/wp-json\/wp\/v2\/pages\/6237\/revisions\/6787"}],"up":[{"embeddable":true,"href":"https:\/\/northakademi.com\/tr\/wp-json\/wp\/v2\/pages\/6231"}],"wp:attachment":[{"href":"https:\/\/northakademi.com\/tr\/wp-json\/wp\/v2\/media?parent=6237"}],"curies":[{"name":"wp","href":"https:\/\/api.w.org\/{rel}","templated":true}]}}