{"id":6231,"date":"2019-12-08T21:04:28","date_gmt":"2019-12-08T18:04:28","guid":{"rendered":"https:\/\/northakademi.com\/tr\/?page_id=6231"},"modified":"2019-12-25T01:00:25","modified_gmt":"2019-12-24T22:00:25","slug":"ruzgar-turbini-kule-ici-kontroller","status":"publish","type":"page","link":"https:\/\/northakademi.com\/tr\/periyodik-kontrol-muayene\/ruzgar-turbini-kule-ici-kontroller\/","title":{"rendered":"R\u00fczgar T\u00fcrbini Kule \u0130\u00e7i Kontroller"},"content":{"rendered":"<\/div><\/div><\/div><!-- close content main div --><\/div><\/div><div id='av_section_1' class='avia-section main_color avia-section-default avia-no-shadow avia-bg-style-scroll   av-minimum-height av-minimum-height-custom container_wrap sidebar_right' style = 'background-repeat: no-repeat; background-image: url(https:\/\/northakademi.com\/tr\/wp-content\/uploads\/2019\/12\/slide-north-akademi-siyah-lacivert.jpg); background-attachment: scroll; background-position: top left; ' data-section-bg-repeat='no-repeat' ><div class='container' style='height:150px'><div class='template-page content  av-content-small alpha units'><div class='post-entry post-entry-type-page post-entry-6231'><div class='entry-content-wrapper clearfix'>\n<div style='padding-bottom:10px;color:#ffffff;' class='av-special-heading av-special-heading-h3 custom-color-heading   '><h3 class='av-special-heading-tag '  itemprop=\"headline\"  >R\u00fczgar T\u00fcrbini Kule \u0130\u00e7i Kontroller<\/h3><div class='special-heading-border'><div class='special-heading-inner-border' style='border-color:#ffffff'><\/div><\/div><\/div>\n<\/div><\/div><\/div><!-- close content main div --><\/div><\/div><div id='after_section_1' class='main_color av_default_container_wrap container_wrap sidebar_right'   ><div class='container' ><div class='template-page content  av-content-small alpha units'><div class='post-entry post-entry-type-page post-entry-6231'><div class='entry-content-wrapper clearfix'><div class=\"flex_column av_one_third  flex_column_div av-zero-column-padding first  \" style='border-radius:0px; '><article class=\"iconbox iconbox_top main_color    \"  itemscope=\"itemscope\" itemtype=\"https:\/\/schema.org\/CreativeWork\" ><div class=\"iconbox_content\"><header class=\"entry-content-header\"><a href='https:\/\/northakademi.com\/tr\/periyodik-kontrol-muayene\/ruzgar-turbini-kule-ici-kontroller\/psa-periyodik-kontrolu\/' title='PSA Periyodik Kontrol\u00fc'  class=\"iconbox_icon heading-color \" aria-hidden='true' data-av_icon='\ue84d' data-av_iconfont='entypo-fontello'  style='background-color:#2e3ca5; ' ><\/a><h3 class='iconbox_content_title '  itemprop=\"headline\"  ><a href='https:\/\/northakademi.com\/tr\/periyodik-kontrol-muayene\/ruzgar-turbini-kule-ici-kontroller\/psa-periyodik-kontrolu\/' title='PSA Periyodik Kontrol\u00fc' >PSA Periyodik Kontrol\u00fc<\/a><\/h3><\/header><div class='iconbox_content_container  '  itemprop=\"text\"  ><\/div><\/div><footer class=\"entry-footer\"><\/footer><\/article><\/div><div class=\"flex_column av_one_third  flex_column_div av-zero-column-padding   \" style='border-radius:0px; '><article class=\"iconbox iconbox_top main_color    \"  itemscope=\"itemscope\" itemtype=\"https:\/\/schema.org\/CreativeWork\" ><div class=\"iconbox_content\"><header class=\"entry-content-header\"><a href='https:\/\/northakademi.com\/tr\/periyodik-kontrol-muayene\/ruzgar-turbini-kule-ici-kontroller\/skylotec-periyodik-kontrolu\/' title='SKYLOTEC Periyodik Kontrol\u00fc'  class=\"iconbox_icon heading-color \" aria-hidden='true' data-av_icon='\ue84d' data-av_iconfont='entypo-fontello'  style='background-color:#2e3ca5; ' ><\/a><h3 class='iconbox_content_title '  itemprop=\"headline\"  ><a href='https:\/\/northakademi.com\/tr\/periyodik-kontrol-muayene\/ruzgar-turbini-kule-ici-kontroller\/skylotec-periyodik-kontrolu\/' title='SKYLOTEC Periyodik Kontrol\u00fc' >SKYLOTEC Periyodik Kontrol\u00fc<\/a><\/h3><\/header><div class='iconbox_content_container  '  itemprop=\"text\"  ><\/div><\/div><footer class=\"entry-footer\"><\/footer><\/article><\/div><div class=\"flex_column av_one_third  flex_column_div av-zero-column-padding   \" style='border-radius:0px; '><article class=\"iconbox iconbox_top main_color    \"  itemscope=\"itemscope\" itemtype=\"https:\/\/schema.org\/CreativeWork\" ><div class=\"iconbox_content\"><header class=\"entry-content-header\"><a href='https:\/\/northakademi.com\/tr\/periyodik-kontrol-muayene\/ruzgar-turbini-kule-ici-kontroller\/avanti-periyodik-kontrolu\/' title='AVANT\u0130 Periyodik Kontrol\u00fc'  class=\"iconbox_icon heading-color \" aria-hidden='true' data-av_icon='\ue84d' data-av_iconfont='entypo-fontello'  style='background-color:#2e3ca5; ' ><\/a><h3 class='iconbox_content_title '  itemprop=\"headline\"  ><a href='https:\/\/northakademi.com\/tr\/periyodik-kontrol-muayene\/ruzgar-turbini-kule-ici-kontroller\/avanti-periyodik-kontrolu\/' title='AVANT\u0130 Periyodik Kontrol\u00fc' >AVANT\u0130 Periyodik Kontrol\u00fc<\/a><\/h3><\/header><div class='iconbox_content_container  '  itemprop=\"text\"  ><\/div><\/div><footer class=\"entry-footer\"><\/footer><\/article><\/div><div class=\"flex_column av_one_third  flex_column_div av-zero-column-padding first  \" style='border-radius:0px; '><article class=\"iconbox iconbox_top main_color    \"  itemscope=\"itemscope\" itemtype=\"https:\/\/schema.org\/CreativeWork\" ><div class=\"iconbox_content\"><header class=\"entry-content-header\"><a href='https:\/\/northakademi.com\/tr\/periyodik-kontrol-muayene\/ruzgar-turbini-kule-ici-kontroller\/haca-periyodik-kontrolu\/' title='HACA Periyodik Kontrol\u00fc'  class=\"iconbox_icon heading-color \" aria-hidden='true' data-av_icon='\ue84d' data-av_iconfont='entypo-fontello'  style='background-color:#2e3ca5; ' ><\/a><h3 class='iconbox_content_title '  itemprop=\"headline\"  ><a href='https:\/\/northakademi.com\/tr\/periyodik-kontrol-muayene\/ruzgar-turbini-kule-ici-kontroller\/haca-periyodik-kontrolu\/' title='HACA Periyodik Kontrol\u00fc' >HACA Periyodik Kontrol\u00fc<\/a><\/h3><\/header><div class='iconbox_content_container  '  itemprop=\"text\"  ><\/div><\/div><footer class=\"entry-footer\"><\/footer><\/article><\/div><div class=\"flex_column av_one_third  flex_column_div av-zero-column-padding   \" style='border-radius:0px; '><article class=\"iconbox iconbox_top main_color    \"  itemscope=\"itemscope\" itemtype=\"https:\/\/schema.org\/CreativeWork\" ><div class=\"iconbox_content\"><header class=\"entry-content-header\"><a href='https:\/\/northakademi.com\/tr\/periyodik-kontrol-muayene\/ruzgar-turbini-kule-ici-kontroller\/tuf-tug-periyodik-kontrolu\/' title='TUF TUG Periyodik Kontrol\u00fc'  class=\"iconbox_icon heading-color \" aria-hidden='true' data-av_icon='\ue84d' data-av_iconfont='entypo-fontello'  style='background-color:#2e3ca5; ' ><\/a><h3 class='iconbox_content_title '  itemprop=\"headline\"  ><a href='https:\/\/northakademi.com\/tr\/periyodik-kontrol-muayene\/ruzgar-turbini-kule-ici-kontroller\/tuf-tug-periyodik-kontrolu\/' title='TUF TUG Periyodik Kontrol\u00fc' >TUF TUG Periyodik Kontrol\u00fc<\/a><\/h3><\/header><div class='iconbox_content_container  '  itemprop=\"text\"  ><\/div><\/div><footer class=\"entry-footer\"><\/footer><\/article><\/div><div class=\"flex_column av_one_third  flex_column_div av-zero-column-padding   \" style='border-radius:0px; '><article class=\"iconbox iconbox_top main_color    \"  itemscope=\"itemscope\" itemtype=\"https:\/\/schema.org\/CreativeWork\" ><div class=\"iconbox_content\"><header class=\"entry-content-header\"><a href='https:\/\/northakademi.com\/tr\/periyodik-kontrol-muayene\/ruzgar-turbini-kule-ici-kontroller\/hailo-periyodik-kontrolu\/' title='HA\u0130LO Periyodik Kontrol\u00fc'  class=\"iconbox_icon heading-color \" aria-hidden='true' data-av_icon='\ue84d' data-av_iconfont='entypo-fontello'  style='background-color:#2e3ca5; ' ><\/a><h3 class='iconbox_content_title '  itemprop=\"headline\"  ><a href='https:\/\/northakademi.com\/tr\/periyodik-kontrol-muayene\/ruzgar-turbini-kule-ici-kontroller\/hailo-periyodik-kontrolu\/' title='HA\u0130LO Periyodik Kontrol\u00fc' >HA\u0130LO Periyodik Kontrol\u00fc<\/a><\/h3><\/header><div class='iconbox_content_container  '  itemprop=\"text\"  ><\/div><\/div><footer class=\"entry-footer\"><\/footer><\/article><\/div><\/p>\n","protected":false},"excerpt":{"rendered":"","protected":false},"author":1,"featured_media":0,"parent":6229,"menu_order":0,"comment_status":"closed","ping_status":"closed","template":"","meta":{"footnotes":""},"_links":{"self":[{"href":"https:\/\/northakademi.com\/tr\/wp-json\/wp\/v2\/pages\/6231"}],"collection":[{"href":"https:\/\/northakademi.com\/tr\/wp-json\/wp\/v2\/pages"}],"about":[{"href":"https:\/\/northakademi.com\/tr\/wp-json\/wp\/v2\/types\/page"}],"author":[{"embeddable":true,"href":"https:\/\/northakademi.com\/tr\/wp-json\/wp\/v2\/users\/1"}],"replies":[{"embeddable":true,"href":"https:\/\/northakademi.com\/tr\/wp-json\/wp\/v2\/comments?post=6231"}],"version-history":[{"count":3,"href":"https:\/\/northakademi.com\/tr\/wp-json\/wp\/v2\/pages\/6231\/revisions"}],"predecessor-version":[{"id":7023,"href":"https:\/\/northakademi.com\/tr\/wp-json\/wp\/v2\/pages\/6231\/revisions\/7023"}],"up":[{"embeddable":true,"href":"https:\/\/northakademi.com\/tr\/wp-json\/wp\/v2\/pages\/6229"}],"wp:attachment":[{"href":"https:\/\/northakademi.com\/tr\/wp-json\/wp\/v2\/media?parent=6231"}],"curies":[{"name":"wp","href":"https:\/\/api.w.org\/{rel}","templated":true}]}}