{"id":6227,"date":"2019-12-08T21:03:25","date_gmt":"2019-12-08T18:03:25","guid":{"rendered":"https:\/\/northakademi.com\/tr\/?page_id=6227"},"modified":"2020-03-14T23:45:26","modified_gmt":"2020-03-14T20:45:26","slug":"belgelendirme","status":"publish","type":"page","link":"https:\/\/northakademi.com\/tr\/hizmetler\/arac-projelendirme\/belgelendirme\/","title":{"rendered":"Belgelendirme"},"content":{"rendered":"<\/div><\/div><\/div><!-- close content main div --><\/div><\/div><div id='av_section_1' class='avia-section main_color avia-section-default avia-no-shadow avia-bg-style-scroll   av-minimum-height av-minimum-height-custom container_wrap sidebar_right' style = 'background-repeat: no-repeat; background-image: url(https:\/\/northakademi.com\/tr\/wp-content\/uploads\/2019\/12\/slide-north-akademi-siyah-lacivert.jpg); background-attachment: scroll; background-position: top left; ' data-section-bg-repeat='no-repeat' ><div class='container' style='height:150px'><div class='template-page content  av-content-small alpha units'><div class='post-entry post-entry-type-page post-entry-6227'><div class='entry-content-wrapper clearfix'>\n<div style='padding-bottom:10px;color:#ffffff;' class='av-special-heading av-special-heading-h3 custom-color-heading   '><h3 class='av-special-heading-tag '  itemprop=\"headline\"  >Belgelendirme<\/h3><div class='special-heading-border'><div class='special-heading-inner-border' style='border-color:#ffffff'><\/div><\/div><\/div>\n<\/div><\/div><\/div><!-- close content main div --><\/div><\/div><div id='after_section_1' class='main_color av_default_container_wrap container_wrap sidebar_right'   ><div class='container' ><div class='template-page content  av-content-small alpha units'><div class='post-entry post-entry-type-page post-entry-6227'><div class='entry-content-wrapper clearfix'>\n<div class=\"flex_column av_one_half  flex_column_div av-zero-column-padding first  \" style='border-radius:0px; '><p><div class='avia-image-container  av-styling-    avia-align-center '  itemprop=\"ImageObject\" itemscope=\"itemscope\" itemtype=\"https:\/\/schema.org\/ImageObject\"  ><div class='avia-image-container-inner'><img class='avia_image ' src='https:\/\/northakademi.com\/tr\/wp-content\/uploads\/2020\/03\/Belgelendirme_1.jpg' alt='' title=''   itemprop=\"thumbnailUrl\"  \/><\/div><\/div><br \/>\n<article class=\"iconbox iconbox_left    \"  itemscope=\"itemscope\" itemtype=\"https:\/\/schema.org\/CreativeWork\" ><div class=\"iconbox_content\"><header class=\"entry-content-header\"><div class=\"iconbox_icon heading-color \" aria-hidden='true' data-av_icon='\ue86b' data-av_iconfont='entypo-fontello'  ><\/div><h3 class='iconbox_content_title '  itemprop=\"headline\"  >Alarm - Elektrik Tesisat\u0131 Projelendirme<\/h3><\/header><div class='iconbox_content_container  '  itemprop=\"text\"  ><p>Alarm &#8211; Elektrik Tesisat\u0131 Projelendirme hizmeti, arac\u0131n haz\u0131rlanmas\u0131 ve ilgili testler hakk\u0131nda bilgi almak i\u00e7in firmam\u0131z ile ileti\u015fime ge\u00e7ebilirsiniz.<\/p>\n<\/div><\/div><footer class=\"entry-footer\"><\/footer><\/article><\/p><\/div>\n<div class=\"flex_column av_one_half  flex_column_div av-zero-column-padding   \" style='border-radius:0px; '><p><div class='avia-image-container  av-styling-    avia-align-center '  itemprop=\"ImageObject\" itemscope=\"itemscope\" itemtype=\"https:\/\/schema.org\/ImageObject\"  ><div class='avia-image-container-inner'><img class='avia_image ' src='https:\/\/northakademi.com\/tr\/wp-content\/uploads\/2020\/03\/Belgelendirme_1.jpg' alt='' title=''   itemprop=\"thumbnailUrl\"  \/><\/div><\/div><br \/>\n<article class=\"iconbox iconbox_left    \"  itemscope=\"itemscope\" itemtype=\"https:\/\/schema.org\/CreativeWork\" ><div class=\"iconbox_content\"><header class=\"entry-content-header\"><div class=\"iconbox_icon heading-color \" aria-hidden='true' data-av_icon='\ue84d' data-av_iconfont='entypo-fontello'  ><\/div><h3 class='iconbox_content_title '  itemprop=\"headline\"  >CE \u00dcr\u00fcn Belgelendirme<\/h3><\/header><div class='iconbox_content_container  '  itemprop=\"text\"  ><p>CE \u00dcr\u00fcn Belgelendirme hizmeti, arac\u0131n haz\u0131rlanmas\u0131 ve ilgili testler hakk\u0131nda bilgi almak i\u00e7in firmam\u0131z ile ileti\u015fime ge\u00e7ebilirsiniz.<\/p>\n<\/div><\/div><footer class=\"entry-footer\"><\/footer><\/article><\/p><\/div><div class=\"flex_column av_one_half  flex_column_div av-zero-column-padding first  \" style='border-radius:0px; '><p><div class='avia-image-container  av-styling-    avia-align-center '  itemprop=\"ImageObject\" itemscope=\"itemscope\" itemtype=\"https:\/\/schema.org\/ImageObject\"  ><div class='avia-image-container-inner'><img class='avia_image ' src='https:\/\/northakademi.com\/tr\/wp-content\/uploads\/2020\/03\/Belgelendirme_1.jpg' alt='' title=''   itemprop=\"thumbnailUrl\"  \/><\/div><\/div><br \/>\n<article class=\"iconbox iconbox_left    \"  itemscope=\"itemscope\" itemtype=\"https:\/\/schema.org\/CreativeWork\" ><div class=\"iconbox_content\"><header class=\"entry-content-header\"><div class=\"iconbox_icon heading-color \" aria-hidden='true' data-av_icon='\ue84d' data-av_iconfont='entypo-fontello'  ><\/div><h3 class='iconbox_content_title '  itemprop=\"headline\"  >E \u00dcr\u00fcn Belgelendirme<\/h3><\/header><div class='iconbox_content_container  '  itemprop=\"text\"  ><p>E \u00dcr\u00fcn Belgelendirme hizmeti, arac\u0131n haz\u0131rlanmas\u0131 ve ilgili testler hakk\u0131nda bilgi almak i\u00e7in firmam\u0131z ile ileti\u015fime ge\u00e7ebilirsiniz.<\/p>\n<\/div><\/div><footer class=\"entry-footer\"><\/footer><\/article><\/p><\/div><div class=\"flex_column av_one_half  flex_column_div av-zero-column-padding   \" style='border-radius:0px; '><p><div class='avia-image-container  av-styling-    avia-align-center '  itemprop=\"ImageObject\" itemscope=\"itemscope\" itemtype=\"https:\/\/schema.org\/ImageObject\"  ><div class='avia-image-container-inner'><img class='avia_image ' src='https:\/\/northakademi.com\/tr\/wp-content\/uploads\/2020\/03\/Belgelendirme_1.jpg' alt='' title=''   itemprop=\"thumbnailUrl\"  \/><\/div><\/div><br \/>\n<article class=\"iconbox iconbox_left    \"  itemscope=\"itemscope\" itemtype=\"https:\/\/schema.org\/CreativeWork\" ><div class=\"iconbox_content\"><header class=\"entry-content-header\"><div class=\"iconbox_icon heading-color \" aria-hidden='true' data-av_icon='\ue84d' data-av_iconfont='entypo-fontello'  ><\/div><h3 class='iconbox_content_title '  itemprop=\"headline\"  >E.M.C. Sistem Belgelendirme<\/h3><\/header><div class='iconbox_content_container  '  itemprop=\"text\"  ><p>E.M.C. Sistem Belgelendirme hizmeti, arac\u0131n haz\u0131rlanmas\u0131 ve ilgili testler hakk\u0131nda bilgi almak i\u00e7in firmam\u0131z ile ileti\u015fime ge\u00e7ebilirsiniz.<\/p>\n<\/div><\/div><footer class=\"entry-footer\"><\/footer><\/article><\/p><\/div><div class=\"flex_column av_one_half  flex_column_div av-zero-column-padding first  \" style='border-radius:0px; '><p><div class='avia-image-container  av-styling-    avia-align-center '  itemprop=\"ImageObject\" itemscope=\"itemscope\" itemtype=\"https:\/\/schema.org\/ImageObject\"  ><div class='avia-image-container-inner'><img class='avia_image ' src='https:\/\/northakademi.com\/tr\/wp-content\/uploads\/2020\/03\/Belgelendirme_1.jpg' alt='' title=''   itemprop=\"thumbnailUrl\"  \/><\/div><\/div><br \/>\n<article class=\"iconbox iconbox_left    \"  itemscope=\"itemscope\" itemtype=\"https:\/\/schema.org\/CreativeWork\" ><div class=\"iconbox_content\"><header class=\"entry-content-header\"><div class=\"iconbox_icon heading-color \" aria-hidden='true' data-av_icon='\ue84d' data-av_iconfont='entypo-fontello'  ><\/div><h3 class='iconbox_content_title '  itemprop=\"headline\"  >Iso Kurulum - Belgelendirme<\/h3><\/header><div class='iconbox_content_container  '  itemprop=\"text\"  ><p>Iso Kurulum &#8211; Belgelendirme hizmeti, arac\u0131n haz\u0131rlanmas\u0131 ve ilgili testler hakk\u0131nda bilgi almak i\u00e7in firmam\u0131z ile ileti\u015fime ge\u00e7ebilirsiniz.<\/p>\n<\/div><\/div><footer class=\"entry-footer\"><\/footer><\/article><\/p><\/div><div class=\"flex_column av_one_half  flex_column_div av-zero-column-padding   \" style='border-radius:0px; '><p><div class='avia-image-container  av-styling-    avia-align-center '  itemprop=\"ImageObject\" itemscope=\"itemscope\" itemtype=\"https:\/\/schema.org\/ImageObject\"  ><div class='avia-image-container-inner'><img class='avia_image ' src='https:\/\/northakademi.com\/tr\/wp-content\/uploads\/2020\/03\/Belgelendirme_1.jpg' alt='' title=''   itemprop=\"thumbnailUrl\"  \/><\/div><\/div><br \/>\n<article class=\"iconbox iconbox_left    \"  itemscope=\"itemscope\" itemtype=\"https:\/\/schema.org\/CreativeWork\" ><div class=\"iconbox_content\"><header class=\"entry-content-header\"><div class=\"iconbox_icon heading-color \" aria-hidden='true' data-av_icon='\ue84d' data-av_iconfont='entypo-fontello'  ><\/div><h3 class='iconbox_content_title '  itemprop=\"headline\"  >\u0130\u015fyeri Ruhsat Takibi Dan\u0131\u015fman\u0131<\/h3><\/header><div class='iconbox_content_container  '  itemprop=\"text\"  ><p>\u0130\u015fyeri Ruhsat Takibi Dan\u0131\u015fman\u0131 hizmeti, arac\u0131n haz\u0131rlanmas\u0131 ve ilgili testler hakk\u0131nda bilgi almak i\u00e7in firmam\u0131z ile ileti\u015fime ge\u00e7ebilirsiniz.<\/p>\n<\/div><\/div><footer class=\"entry-footer\"><\/footer><\/article><\/p><\/div><div class=\"flex_column av_one_half  flex_column_div av-zero-column-padding first  \" style='border-radius:0px; '><p><div class='avia-image-container  av-styling-    avia-align-center '  itemprop=\"ImageObject\" itemscope=\"itemscope\" itemtype=\"https:\/\/schema.org\/ImageObject\"  ><div class='avia-image-container-inner'><img class='avia_image ' src='https:\/\/northakademi.com\/tr\/wp-content\/uploads\/2020\/03\/Belgelendirme_1.jpg' alt='' title=''   itemprop=\"thumbnailUrl\"  \/><\/div><\/div><br \/>\n<article class=\"iconbox iconbox_left    \"  itemscope=\"itemscope\" itemtype=\"https:\/\/schema.org\/CreativeWork\" ><div class=\"iconbox_content\"><header class=\"entry-content-header\"><div class=\"iconbox_icon heading-color \" aria-hidden='true' data-av_icon='\ue84d' data-av_iconfont='entypo-fontello'  ><\/div><h3 class='iconbox_content_title '  itemprop=\"headline\"  >\u0130tfaiye Raporu \u0130\u00e7in Altyap\u0131 Haz\u0131rlama<\/h3><\/header><div class='iconbox_content_container  '  itemprop=\"text\"  ><p>\u0130tfaiye Raporu \u0130\u00e7in Altyap\u0131 Haz\u0131rlama hizmeti, arac\u0131n haz\u0131rlanmas\u0131 ve ilgili testler hakk\u0131nda bilgi almak i\u00e7in firmam\u0131z ile ileti\u015fime ge\u00e7ebilirsiniz.<\/p>\n<\/div><\/div><footer class=\"entry-footer\"><\/footer><\/article><\/p><\/div><div class=\"flex_column av_one_half  flex_column_div av-zero-column-padding   \" style='border-radius:0px; '><p><div class='avia-image-container  av-styling-    avia-align-center '  itemprop=\"ImageObject\" itemscope=\"itemscope\" itemtype=\"https:\/\/schema.org\/ImageObject\"  ><div class='avia-image-container-inner'><img class='avia_image ' src='https:\/\/northakademi.com\/tr\/wp-content\/uploads\/2020\/03\/Belgelendirme_1.jpg' alt='' title=''   itemprop=\"thumbnailUrl\"  \/><\/div><\/div><br \/>\n<article class=\"iconbox iconbox_left    \"  itemscope=\"itemscope\" itemtype=\"https:\/\/schema.org\/CreativeWork\" ><div class=\"iconbox_content\"><header class=\"entry-content-header\"><div class=\"iconbox_icon heading-color \" aria-hidden='true' data-av_icon='\ue84d' data-av_iconfont='entypo-fontello'  ><\/div><h3 class='iconbox_content_title '  itemprop=\"headline\"  >Kalite Y\u00f6netim Dosyas\u0131<\/h3><\/header><div class='iconbox_content_container  '  itemprop=\"text\"  ><p>Kalite Y\u00f6netim Dosyas\u0131 hizmeti, arac\u0131n haz\u0131rlanmas\u0131 ve ilgili testler hakk\u0131nda bilgi almak i\u00e7in firmam\u0131z ile ileti\u015fime ge\u00e7ebilirsiniz.<\/p>\n<\/div><\/div><footer class=\"entry-footer\"><\/footer><\/article><\/p><\/div><div class=\"flex_column av_one_half  flex_column_div av-zero-column-padding first  \" style='border-radius:0px; '><p><div class='avia-image-container  av-styling-    avia-align-center '  itemprop=\"ImageObject\" itemscope=\"itemscope\" itemtype=\"https:\/\/schema.org\/ImageObject\"  ><div class='avia-image-container-inner'><img class='avia_image ' src='https:\/\/northakademi.com\/tr\/wp-content\/uploads\/2020\/03\/Belgelendirme_1.jpg' alt='' title=''   itemprop=\"thumbnailUrl\"  \/><\/div><\/div><br \/>\n<article class=\"iconbox iconbox_left    \"  itemscope=\"itemscope\" itemtype=\"https:\/\/schema.org\/CreativeWork\" ><div class=\"iconbox_content\"><header class=\"entry-content-header\"><div class=\"iconbox_icon heading-color \" aria-hidden='true' data-av_icon='\ue84d' data-av_iconfont='entypo-fontello'  ><\/div><h3 class='iconbox_content_title '  itemprop=\"headline\"  >Kapasite Raporu<\/h3><\/header><div class='iconbox_content_container  '  itemprop=\"text\"  ><p>Kapasite Raporu hizmeti, arac\u0131n haz\u0131rlanmas\u0131 ve ilgili testler hakk\u0131nda bilgi almak i\u00e7in firmam\u0131z ile ileti\u015fime ge\u00e7ebilirsiniz.<\/p>\n<\/div><\/div><footer class=\"entry-footer\"><\/footer><\/article><\/p><\/div><div class=\"flex_column av_one_half  flex_column_div av-zero-column-padding   \" style='border-radius:0px; '><p><div class='avia-image-container  av-styling-    avia-align-center '  itemprop=\"ImageObject\" itemscope=\"itemscope\" itemtype=\"https:\/\/schema.org\/ImageObject\"  ><div class='avia-image-container-inner'><img class='avia_image ' src='https:\/\/northakademi.com\/tr\/wp-content\/uploads\/2020\/03\/Belgelendirme_1.jpg' alt='' title=''   itemprop=\"thumbnailUrl\"  \/><\/div><\/div><br \/>\n<article class=\"iconbox iconbox_left    \"  itemscope=\"itemscope\" itemtype=\"https:\/\/schema.org\/CreativeWork\" ><div class=\"iconbox_content\"><header class=\"entry-content-header\"><div class=\"iconbox_icon heading-color \" aria-hidden='true' data-av_icon='\ue84d' data-av_iconfont='entypo-fontello'  ><\/div><h3 class='iconbox_content_title '  itemprop=\"headline\"  >Katodik Koruma Raporu<\/h3><\/header><div class='iconbox_content_container  '  itemprop=\"text\"  ><p>Katodik Koruma Raporu hizmeti, arac\u0131n haz\u0131rlanmas\u0131 ve ilgili testler hakk\u0131nda bilgi almak i\u00e7in firmam\u0131z ile ileti\u015fime ge\u00e7ebilirsiniz.<\/p>\n<\/div><\/div><footer class=\"entry-footer\"><\/footer><\/article><\/p><\/div><div class=\"flex_column av_one_half  flex_column_div av-zero-column-padding first  \" style='border-radius:0px; '><p><div class='avia-image-container  av-styling-    avia-align-center '  itemprop=\"ImageObject\" itemscope=\"itemscope\" itemtype=\"https:\/\/schema.org\/ImageObject\"  ><div class='avia-image-container-inner'><img class='avia_image ' src='https:\/\/northakademi.com\/tr\/wp-content\/uploads\/2020\/03\/Belgelendirme_1.jpg' alt='' title=''   itemprop=\"thumbnailUrl\"  \/><\/div><\/div><br \/>\n<article class=\"iconbox iconbox_left    \"  itemscope=\"itemscope\" itemtype=\"https:\/\/schema.org\/CreativeWork\" ><div class=\"iconbox_content\"><header class=\"entry-content-header\"><div class=\"iconbox_icon heading-color \" aria-hidden='true' data-av_icon='\ue84d' data-av_iconfont='entypo-fontello'  ><\/div><h3 class='iconbox_content_title '  itemprop=\"headline\"  >M\u00fchendislik ve Dan\u0131\u015fmanl\u0131k Hizmeti<\/h3><\/header><div class='iconbox_content_container  '  itemprop=\"text\"  ><p>M\u00fchendislik ve Dan\u0131\u015fmanl\u0131k Hizmeti hizmeti, arac\u0131n haz\u0131rlanmas\u0131 ve ilgili testler hakk\u0131nda bilgi almak i\u00e7in firmam\u0131z ile ileti\u015fime ge\u00e7ebilirsiniz.<\/p>\n<\/div><\/div><footer class=\"entry-footer\"><\/footer><\/article><\/p><\/div><div class=\"flex_column av_one_half  flex_column_div av-zero-column-padding   \" style='border-radius:0px; '><p><div class='avia-image-container  av-styling-    avia-align-center '  itemprop=\"ImageObject\" itemscope=\"itemscope\" itemtype=\"https:\/\/schema.org\/ImageObject\"  ><div class='avia-image-container-inner'><img class='avia_image ' src='https:\/\/northakademi.com\/tr\/wp-content\/uploads\/2020\/03\/Belgelendirme_1.jpg' alt='' title=''   itemprop=\"thumbnailUrl\"  \/><\/div><\/div><br \/>\n<article class=\"iconbox iconbox_left    \"  itemscope=\"itemscope\" itemtype=\"https:\/\/schema.org\/CreativeWork\" ><div class=\"iconbox_content\"><header class=\"entry-content-header\"><div class=\"iconbox_icon heading-color \" aria-hidden='true' data-av_icon='\ue84d' data-av_iconfont='entypo-fontello'  ><\/div><h3 class='iconbox_content_title '  itemprop=\"headline\"  > LPG - CNG D\u00f6n\u00fc\u015f\u00fcm Yeri Belgelendirme<\/h3><\/header><div class='iconbox_content_container  '  itemprop=\"text\"  ><p>LPG &#8211; CNG D\u00f6n\u00fc\u015f\u00fcm Yeri Belgelendirme hizmeti, arac\u0131n haz\u0131rlanmas\u0131 ve ilgili testler hakk\u0131nda bilgi almak i\u00e7in firmam\u0131z ile ileti\u015fime ge\u00e7ebilirsiniz.<\/p>\n<\/div><\/div><footer class=\"entry-footer\"><\/footer><\/article><\/p><\/div><div class=\"flex_column av_one_half  flex_column_div av-zero-column-padding first  \" style='border-radius:0px; '><p><div class='avia-image-container  av-styling-    avia-align-center '  itemprop=\"ImageObject\" itemscope=\"itemscope\" itemtype=\"https:\/\/schema.org\/ImageObject\"  ><div class='avia-image-container-inner'><img class='avia_image ' src='https:\/\/northakademi.com\/tr\/wp-content\/uploads\/2020\/03\/Belgelendirme_1.jpg' alt='' title=''   itemprop=\"thumbnailUrl\"  \/><\/div><\/div><br \/>\n<article class=\"iconbox iconbox_left    \"  itemscope=\"itemscope\" itemtype=\"https:\/\/schema.org\/CreativeWork\" ><div class=\"iconbox_content\"><header class=\"entry-content-header\"><div class=\"iconbox_icon heading-color \" aria-hidden='true' data-av_icon='\ue84d' data-av_iconfont='entypo-fontello'  ><\/div><h3 class='iconbox_content_title '  itemprop=\"headline\"  >Paratoner Raporu<\/h3><\/header><div class='iconbox_content_container  '  itemprop=\"text\"  ><p>Paratoner Raporu hizmeti, arac\u0131n haz\u0131rlanmas\u0131 ve ilgili testler hakk\u0131nda bilgi almak i\u00e7in firmam\u0131z ile ileti\u015fime ge\u00e7ebilirsiniz<\/p>\n<\/div><\/div><footer class=\"entry-footer\"><\/footer><\/article><\/p><\/div><div class=\"flex_column av_one_half  flex_column_div av-zero-column-padding   \" style='border-radius:0px; '><p><div class='avia-image-container  av-styling-    avia-align-center '  itemprop=\"ImageObject\" itemscope=\"itemscope\" itemtype=\"https:\/\/schema.org\/ImageObject\"  ><div class='avia-image-container-inner'><img class='avia_image ' src='https:\/\/northakademi.com\/tr\/wp-content\/uploads\/2020\/03\/Belgelendirme_1.jpg' alt='' title=''   itemprop=\"thumbnailUrl\"  \/><\/div><\/div><br \/>\n<article class=\"iconbox iconbox_left    \"  itemscope=\"itemscope\" itemtype=\"https:\/\/schema.org\/CreativeWork\" ><div class=\"iconbox_content\"><header class=\"entry-content-header\"><div class=\"iconbox_icon heading-color \" aria-hidden='true' data-av_icon='\ue84d' data-av_iconfont='entypo-fontello'  ><\/div><h3 class='iconbox_content_title '  itemprop=\"headline\"  >Tank Yerle\u015fimi Projelendirme<\/h3><\/header><div class='iconbox_content_container  '  itemprop=\"text\"  ><p>Tank Yerle\u015fimi Projelendirme hizmeti, arac\u0131n haz\u0131rlanmas\u0131 ve ilgili testler hakk\u0131nda bilgi almak i\u00e7in firmam\u0131z ile ileti\u015fime ge\u00e7ebilirsiniz.<\/p>\n<\/div><\/div><footer class=\"entry-footer\"><\/footer><\/article><\/p><\/div><div class=\"flex_column av_one_half  flex_column_div av-zero-column-padding first  \" style='border-radius:0px; '><p><div class='avia-image-container  av-styling-    avia-align-center '  itemprop=\"ImageObject\" itemscope=\"itemscope\" itemtype=\"https:\/\/schema.org\/ImageObject\"  ><div class='avia-image-container-inner'><img class='avia_image ' src='https:\/\/northakademi.com\/tr\/wp-content\/uploads\/2020\/03\/Belgelendirme_1.jpg' alt='' title=''   itemprop=\"thumbnailUrl\"  \/><\/div><\/div><br \/>\n<article class=\"iconbox iconbox_left    \"  itemscope=\"itemscope\" itemtype=\"https:\/\/schema.org\/CreativeWork\" ><div class=\"iconbox_content\"><header class=\"entry-content-header\"><div class=\"iconbox_icon heading-color \" aria-hidden='true' data-av_icon='\ue84d' data-av_iconfont='entypo-fontello'  ><\/div><h3 class='iconbox_content_title '  itemprop=\"headline\"  >Topraklama Raporu<\/h3><\/header><div class='iconbox_content_container  '  itemprop=\"text\"  ><p>Topraklama Raporu hizmeti, arac\u0131n haz\u0131rlanmas\u0131 ve ilgili testler hakk\u0131nda bilgi almak i\u00e7in firmam\u0131z ile ileti\u015fime ge\u00e7ebilirsiniz.<\/p>\n<\/div><\/div><footer class=\"entry-footer\"><\/footer><\/article><\/p><\/div><div class=\"flex_column av_one_half  flex_column_div av-zero-column-padding   \" style='border-radius:0px; '><p><div class='avia-image-container  av-styling-    avia-align-center '  itemprop=\"ImageObject\" itemscope=\"itemscope\" itemtype=\"https:\/\/schema.org\/ImageObject\"  ><div class='avia-image-container-inner'><img class='avia_image ' src='https:\/\/northakademi.com\/tr\/wp-content\/uploads\/2020\/03\/Belgelendirme_1.jpg' alt='' title=''   itemprop=\"thumbnailUrl\"  \/><\/div><\/div><br \/>\n<article class=\"iconbox iconbox_left    \"  itemscope=\"itemscope\" itemtype=\"https:\/\/schema.org\/CreativeWork\" ><div class=\"iconbox_content\"><header class=\"entry-content-header\"><div class=\"iconbox_icon heading-color \" aria-hidden='true' data-av_icon='\ue84d' data-av_iconfont='entypo-fontello'  ><\/div><h3 class='iconbox_content_title '  itemprop=\"headline\"  > TSE - HYB Belgelendirme Takibi Dan\u0131\u015fman\u0131<\/h3><\/header><div class='iconbox_content_container  '  itemprop=\"text\"  ><p>TSE &#8211; HYB Belgelendirme Takibi Dan\u0131\u015fman\u0131 hizmeti, arac\u0131n haz\u0131rlanmas\u0131 ve ilgili testler hakk\u0131nda bilgi almak i\u00e7in firmam\u0131z ile ileti\u015fime ge\u00e7ebilirsiniz.<\/p>\n<\/div><\/div><footer class=\"entry-footer\"><\/footer><\/article><\/p><\/div><div class=\"flex_column av_one_half  flex_column_div av-zero-column-padding first  \" style='border-radius:0px; '><p><div class='avia-image-container  av-styling-    avia-align-center '  itemprop=\"ImageObject\" itemscope=\"itemscope\" itemtype=\"https:\/\/schema.org\/ImageObject\"  ><div class='avia-image-container-inner'><img class='avia_image ' src='https:\/\/northakademi.com\/tr\/wp-content\/uploads\/2020\/03\/Belgelendirme_1.jpg' alt='' title=''   itemprop=\"thumbnailUrl\"  \/><\/div><\/div><br \/>\n<article class=\"iconbox iconbox_left    \"  itemscope=\"itemscope\" itemtype=\"https:\/\/schema.org\/CreativeWork\" ><div class=\"iconbox_content\"><header class=\"entry-content-header\"><div class=\"iconbox_icon heading-color \" aria-hidden='true' data-av_icon='\ue84d' data-av_iconfont='entypo-fontello'  ><\/div><h3 class='iconbox_content_title '  itemprop=\"headline\"  > Yang\u0131n Tesisat\u0131 Projelendirme<\/h3><\/header><div class='iconbox_content_container  '  itemprop=\"text\"  ><p>Yang\u0131n Tesisat\u0131 Projelendirme hizmeti, arac\u0131n haz\u0131rlanmas\u0131 ve ilgili testler hakk\u0131nda bilgi almak i\u00e7in firmam\u0131z ile ileti\u015fime ge\u00e7ebilirsiniz.<\/p>\n<\/div><\/div><footer class=\"entry-footer\"><\/footer><\/article><\/p><\/div><\/p>\n","protected":false},"excerpt":{"rendered":"","protected":false},"author":1,"featured_media":0,"parent":6221,"menu_order":0,"comment_status":"closed","ping_status":"closed","template":"","meta":{"footnotes":""},"_links":{"self":[{"href":"https:\/\/northakademi.com\/tr\/wp-json\/wp\/v2\/pages\/6227"}],"collection":[{"href":"https:\/\/northakademi.com\/tr\/wp-json\/wp\/v2\/pages"}],"about":[{"href":"https:\/\/northakademi.com\/tr\/wp-json\/wp\/v2\/types\/page"}],"author":[{"embeddable":true,"href":"https:\/\/northakademi.com\/tr\/wp-json\/wp\/v2\/users\/1"}],"replies":[{"embeddable":true,"href":"https:\/\/northakademi.com\/tr\/wp-json\/wp\/v2\/comments?post=6227"}],"version-history":[{"count":7,"href":"https:\/\/northakademi.com\/tr\/wp-json\/wp\/v2\/pages\/6227\/revisions"}],"predecessor-version":[{"id":7199,"href":"https:\/\/northakademi.com\/tr\/wp-json\/wp\/v2\/pages\/6227\/revisions\/7199"}],"up":[{"embeddable":true,"href":"https:\/\/northakademi.com\/tr\/wp-json\/wp\/v2\/pages\/6221"}],"wp:attachment":[{"href":"https:\/\/northakademi.com\/tr\/wp-json\/wp\/v2\/media?parent=6227"}],"curies":[{"name":"wp","href":"https:\/\/api.w.org\/{rel}","templated":true}]}}