{"id":6219,"date":"2019-12-08T21:01:45","date_gmt":"2019-12-08T18:01:45","guid":{"rendered":"https:\/\/northakademi.com\/tr\/?page_id=6219"},"modified":"2019-12-21T01:14:51","modified_gmt":"2019-12-20T22:14:51","slug":"vinc-operatoru-yetkinlik-degerlendirme","status":"publish","type":"page","link":"https:\/\/northakademi.com\/tr\/hizmetler\/vinc-operatoru-yetkinlik-degerlendirme\/","title":{"rendered":"Vin\u00e7 Operat\u00f6r\u00fc Yetkinlik De\u011ferlendirme"},"content":{"rendered":"<\/div><\/div><\/div><!-- close content main div --><\/div><\/div><div id='av_section_1' class='avia-section main_color avia-section-default avia-no-shadow avia-bg-style-scroll   av-minimum-height av-minimum-height-custom container_wrap sidebar_right' style = 'background-repeat: no-repeat; background-image: url(https:\/\/northakademi.com\/tr\/wp-content\/uploads\/2019\/12\/slide-north-akademi-siyah-lacivert.jpg); background-attachment: scroll; background-position: top left; ' data-section-bg-repeat='no-repeat' ><div class='container' style='height:150px'><div class='template-page content  av-content-small alpha units'><div class='post-entry post-entry-type-page post-entry-6219'><div class='entry-content-wrapper clearfix'>\n<div style='padding-bottom:10px;color:#ffffff;' class='av-special-heading av-special-heading-h3 custom-color-heading   '><h3 class='av-special-heading-tag '  itemprop=\"headline\"  >Vin\u00e7 Operat\u00f6r\u00fc Yetkinlik De\u011ferlendirme<\/h3><div class='special-heading-border'><div class='special-heading-inner-border' style='border-color:#ffffff'><\/div><\/div><\/div>\n<\/div><\/div><\/div><!-- close content main div --><\/div><\/div><div id='after_section_1' class='main_color av_default_container_wrap container_wrap sidebar_right'   ><div class='container' ><div class='template-page content  av-content-small alpha units'><div class='post-entry post-entry-type-page post-entry-6219'><div class='entry-content-wrapper clearfix'><div class='avia-image-container  av-styling-    avia-align-center '  itemprop=\"ImageObject\" itemscope=\"itemscope\" itemtype=\"https:\/\/schema.org\/ImageObject\"  ><div class='avia-image-container-inner'><img class='avia_image ' src='https:\/\/northakademi.com\/tr\/wp-content\/uploads\/2019\/12\/vinc-operatoru-yetkinlik-degerlendirme-north.jpg' alt='' title=''   itemprop=\"thumbnailUrl\"  \/><\/div><\/div><\/p>\n<div class=\"flex_column av_one_full  flex_column_div av-zero-column-padding first  \" style='border-radius:0px; '><section class=\"av_textblock_section \"  itemscope=\"itemscope\" itemtype=\"https:\/\/schema.org\/CreativeWork\" ><div class='avia_textblock  '   itemprop=\"text\" ><p><strong>AMA\u00c7 :<\/strong> Bu Yeterlilik vin\u00e7 operat\u00f6r\u00fcn\u00fcn yetkili\u011finin belirlenmesi ve belgelendirilmesi amac\u0131yla haz\u0131rlanm\u0131\u015ft\u0131r.<\/p>\n<p><strong>YETERL\u0130L\u0130K G\u0130R\u0130\u015e \u015eARTLARI :<\/strong> Vin\u00e7 Operat\u00f6r\u00fcn\u00fcn, tehlikeli ve \u00e7ok tehlikeli i\u015flerde \u00e7al\u0131\u015facaklara ait i\u015fe giri\u015f veya periyodik muayene formuna ve trafik kanununun ilgili maddelerinde belirtilen operat\u00f6r belgesine sahip olmas\u0131 gerekmektedir.<\/p>\n<p><strong>YETERL\u0130L\u0130\u011e\u0130N YAPISI :<\/strong><\/p>\n<ul>\n<li>\u0130SG ve \u0130\u015f Organizasyonu<\/li>\n<li>Vin\u00e7 Makinesine \u0130li\u015fkin Kontroller<\/li>\n<li>Vin\u00e7\u2019in Konumland\u0131r\u0131lmas\u0131 ve G\u00fcnl\u00fck Kontrol\u00fc<\/li>\n<li>Vin\u00e7 ile Y\u00fck\u00fc Y\u00fckleme Bo\u015faltma<\/li>\n<li>\u0130\u015faret\u00e7i Sapanc\u0131 ile uyumlu \u00e7al\u0131\u015fma hakk\u0131nda bilgilendirme<\/li>\n<li>Kalite Kontrol, \u00c7evre Kurallar\u0131 ve Ilk Yard\u0131m<\/li>\n<li>Makinal\u0131 \u00c7al\u0131\u015fmada Emniyet Kurallar\u0131<\/li>\n<li>Kald\u0131rma Ara\u00e7 Tipleri<\/li>\n<li>Kald\u0131rma Operasyonu<\/li>\n<li>Y\u00fck Kald\u0131rma \u015eemas\u0131<\/li>\n<li>Ki\u015fisel Koruyucu Donan\u0131mlar ve Kullan\u0131lmas\u0131<\/li>\n<\/ul>\n<p><strong>\u00d6L\u00c7ME VE DE\u011eERLEND\u0130RME<\/strong> : Vin\u00e7 Operat\u00f6r\u00fc Yeterlili\u011fine g\u00f6re belgelendirme amac\u0131yla yap\u0131lacak \u00f6l\u00e7me ve de\u011ferlendirme, gerekli \u00e7al\u0131\u015fma \u015fartlar\u0131n\u0131n olu\u015fturuldu\u011fu s\u0131nav ve belgelendirme merkezlerinde veya \u00e7al\u0131\u015fma sahalar\u0131nda, teorik ve uygulamal\u0131 s\u0131nav \u015feklinde olacakt\u0131r. Ki\u015fi yeterlilik birimlerini ayr\u0131 ayr\u0131 al\u0131narak, ki\u015fi bazl\u0131 yetkinlik matrisi haz\u0131rlanarak ki\u015fi hakk\u0131nda t\u00fcm eksikler tespit edilecektir. Ki\u015filerin optimum d\u00fczeye ula\u015fmas\u0131 i\u00e7in aksiyon plan\u0131 yayg\u0131nlanacakt\u0131r.<\/p>\n<\/div><\/section><\/div>\n","protected":false},"excerpt":{"rendered":"","protected":false},"author":1,"featured_media":0,"parent":6213,"menu_order":0,"comment_status":"closed","ping_status":"closed","template":"","meta":{"footnotes":""},"_links":{"self":[{"href":"https:\/\/northakademi.com\/tr\/wp-json\/wp\/v2\/pages\/6219"}],"collection":[{"href":"https:\/\/northakademi.com\/tr\/wp-json\/wp\/v2\/pages"}],"about":[{"href":"https:\/\/northakademi.com\/tr\/wp-json\/wp\/v2\/types\/page"}],"author":[{"embeddable":true,"href":"https:\/\/northakademi.com\/tr\/wp-json\/wp\/v2\/users\/1"}],"replies":[{"embeddable":true,"href":"https:\/\/northakademi.com\/tr\/wp-json\/wp\/v2\/comments?post=6219"}],"version-history":[{"count":3,"href":"https:\/\/northakademi.com\/tr\/wp-json\/wp\/v2\/pages\/6219\/revisions"}],"predecessor-version":[{"id":6761,"href":"https:\/\/northakademi.com\/tr\/wp-json\/wp\/v2\/pages\/6219\/revisions\/6761"}],"up":[{"embeddable":true,"href":"https:\/\/northakademi.com\/tr\/wp-json\/wp\/v2\/pages\/6213"}],"wp:attachment":[{"href":"https:\/\/northakademi.com\/tr\/wp-json\/wp\/v2\/media?parent=6219"}],"curies":[{"name":"wp","href":"https:\/\/api.w.org\/{rel}","templated":true}]}}