{"id":6217,"date":"2019-12-08T21:01:07","date_gmt":"2019-12-08T18:01:07","guid":{"rendered":"https:\/\/northakademi.com\/tr\/?page_id=6217"},"modified":"2019-12-21T01:04:56","modified_gmt":"2019-12-20T22:04:56","slug":"muhendislikve-danismanlik-hizmeti","status":"publish","type":"page","link":"https:\/\/northakademi.com\/tr\/hizmetler\/muhendislikve-danismanlik-hizmeti\/","title":{"rendered":"M\u00fchendislikve Dan\u0131\u015fmanl\u0131k Hizmeti"},"content":{"rendered":"<\/div><\/div><\/div><!-- close content main div --><\/div><\/div><div id='av_section_1' class='avia-section main_color avia-section-default avia-no-shadow avia-bg-style-scroll   av-minimum-height av-minimum-height-custom container_wrap sidebar_right' style = 'background-repeat: no-repeat; background-image: url(https:\/\/northakademi.com\/tr\/wp-content\/uploads\/2019\/12\/slide-north-akademi-siyah-lacivert.jpg); background-attachment: scroll; background-position: top left; ' data-section-bg-repeat='no-repeat' ><div class='container' style='height:150px'><div class='template-page content  av-content-small alpha units'><div class='post-entry post-entry-type-page post-entry-6217'><div class='entry-content-wrapper clearfix'>\n<div style='padding-bottom:10px;color:#ffffff;' class='av-special-heading av-special-heading-h3 custom-color-heading   '><h3 class='av-special-heading-tag '  itemprop=\"headline\"  >M\u00fchendislik ve Dan\u0131\u015fmanl\u0131k Hizmeti<\/h3><div class='special-heading-border'><div class='special-heading-inner-border' style='border-color:#ffffff'><\/div><\/div><\/div>\n<\/div><\/div><\/div><!-- close content main div --><\/div><\/div><div id='after_section_1' class='main_color av_default_container_wrap container_wrap sidebar_right'   ><div class='container' ><div class='template-page content  av-content-small alpha units'><div class='post-entry post-entry-type-page post-entry-6217'><div class='entry-content-wrapper clearfix'><div class='avia-image-container  av-styling-    avia-align-center '  itemprop=\"ImageObject\" itemscope=\"itemscope\" itemtype=\"https:\/\/schema.org\/ImageObject\"  ><div class='avia-image-container-inner'><img class='avia_image ' src='https:\/\/northakademi.com\/tr\/wp-content\/uploads\/2019\/12\/muhendislik-ve-danismanlik-bursa.jpg' alt='' title=''   itemprop=\"thumbnailUrl\"  \/><\/div><\/div><\/p>\n<div class=\"flex_column av_one_full  flex_column_div av-zero-column-padding first  \" style='border-radius:0px; '><section class=\"av_textblock_section \"  itemscope=\"itemscope\" itemtype=\"https:\/\/schema.org\/CreativeWork\" ><div class='avia_textblock  '   itemprop=\"text\" ><p>North Akademi olarak \u015firketlerin sat\u0131\u015flar\u0131n\u0131n ve verimliliklerinin y\u00fckselmesi, y\u00f6netim g\u00fc\u00e7lerinin artmas\u0131 i\u00e7in Teknoloji \u00c7\u00f6z\u00fcmlerimiz ile birlikte M\u00fchendislik ve Dan\u0131\u015fmanl\u0131k Hizmetleri sa\u011fl\u0131yoruz.<\/p>\n<p>\u00c7al\u0131\u015ft\u0131\u011f\u0131m\u0131z \u015firketlerin ihtiya\u00e7lar\u0131n\u0131 analiz ederek, bu ihtiya\u00e7lara getirebilece\u011fimiz \u00e7\u00f6z\u00fcmler ile bir i\u015f plan\u0131 olu\u015fturup, bu plan dahilinde \u015firket yetkilileri ile birlikte aksiyon al\u0131yoruz. Hedeflerinizi \u00f6l\u00e7erek, hedeflerinize ula\u015fabilece\u011finiz en etkin yollar\u0131 kurgulad\u0131ktan sonra izlemeye ve denetlemeye devam ediyoruz.<\/p>\n<\/div><\/section><\/div>\n","protected":false},"excerpt":{"rendered":"","protected":false},"author":1,"featured_media":0,"parent":6213,"menu_order":0,"comment_status":"closed","ping_status":"closed","template":"","meta":{"footnotes":""},"_links":{"self":[{"href":"https:\/\/northakademi.com\/tr\/wp-json\/wp\/v2\/pages\/6217"}],"collection":[{"href":"https:\/\/northakademi.com\/tr\/wp-json\/wp\/v2\/pages"}],"about":[{"href":"https:\/\/northakademi.com\/tr\/wp-json\/wp\/v2\/types\/page"}],"author":[{"embeddable":true,"href":"https:\/\/northakademi.com\/tr\/wp-json\/wp\/v2\/users\/1"}],"replies":[{"embeddable":true,"href":"https:\/\/northakademi.com\/tr\/wp-json\/wp\/v2\/comments?post=6217"}],"version-history":[{"count":4,"href":"https:\/\/northakademi.com\/tr\/wp-json\/wp\/v2\/pages\/6217\/revisions"}],"predecessor-version":[{"id":6758,"href":"https:\/\/northakademi.com\/tr\/wp-json\/wp\/v2\/pages\/6217\/revisions\/6758"}],"up":[{"embeddable":true,"href":"https:\/\/northakademi.com\/tr\/wp-json\/wp\/v2\/pages\/6213"}],"wp:attachment":[{"href":"https:\/\/northakademi.com\/tr\/wp-json\/wp\/v2\/media?parent=6217"}],"curies":[{"name":"wp","href":"https:\/\/api.w.org\/{rel}","templated":true}]}}