{"id":6215,"date":"2019-12-08T21:00:37","date_gmt":"2019-12-08T18:00:37","guid":{"rendered":"https:\/\/northakademi.com\/tr\/?page_id=6215"},"modified":"2019-12-20T23:24:55","modified_gmt":"2019-12-20T20:24:55","slug":"zemin-etud-olcumleri","status":"publish","type":"page","link":"https:\/\/northakademi.com\/tr\/hizmetler\/zemin-etud-olcumleri\/","title":{"rendered":"Zemin Et\u00fcd \u00d6l\u00e7\u00fcmleri"},"content":{"rendered":"<\/div><\/div><\/div><!-- close content main div --><\/div><\/div><div id='av_section_1' class='avia-section main_color avia-section-default avia-no-shadow avia-bg-style-scroll   av-minimum-height av-minimum-height-custom container_wrap sidebar_right' style = 'background-repeat: no-repeat; background-image: url(https:\/\/northakademi.com\/tr\/wp-content\/uploads\/2019\/12\/slide-north-akademi-siyah-lacivert.jpg); background-attachment: scroll; background-position: top left; ' data-section-bg-repeat='no-repeat' ><div class='container' style='height:150px'><div class='template-page content  av-content-small alpha units'><div class='post-entry post-entry-type-page post-entry-6215'><div class='entry-content-wrapper clearfix'>\n<div style='padding-bottom:10px;color:#ffffff;' class='av-special-heading av-special-heading-h3 custom-color-heading   '><h3 class='av-special-heading-tag '  itemprop=\"headline\"  >Zemin Et\u00fcd \u00d6l\u00e7\u00fcmleri<\/h3><div class='special-heading-border'><div class='special-heading-inner-border' style='border-color:#ffffff'><\/div><\/div><\/div>\n<\/div><\/div><\/div><!-- close content main div --><\/div><\/div><div id='after_section_1' class='main_color av_default_container_wrap container_wrap sidebar_right'   ><div class='container' ><div class='template-page content  av-content-small alpha units'><div class='post-entry post-entry-type-page post-entry-6215'><div class='entry-content-wrapper clearfix'>\n<div class='avia-image-container  av-styling-    avia-align-center '  itemprop=\"ImageObject\" itemscope=\"itemscope\" itemtype=\"https:\/\/schema.org\/ImageObject\"  ><div class='avia-image-container-inner'><img class='avia_image ' src='https:\/\/northakademi.com\/tr\/wp-content\/uploads\/2019\/12\/zemin-etud-olcum-testleri.jpg' alt='' title=''   itemprop=\"thumbnailUrl\"  \/><\/div><\/div>\n<div class=\"flex_column av_one_full  flex_column_div av-zero-column-padding first  \" style='border-radius:0px; '><section class=\"av_textblock_section \"  itemscope=\"itemscope\" itemtype=\"https:\/\/schema.org\/CreativeWork\" ><div class='avia_textblock  '   itemprop=\"text\" ><p>Jeofizik m\u00fchendisli\u011fi sismik et\u00fcdleri zemininde \u00e7e\u015fitli kaynaklar\u0131yla yapay olarak olu\u015fturulan sars\u0131nt\u0131lar\u0131n yani elastik dalgalar\u0131n zemin i\u00e7erisinde yay\u0131l\u0131rken k\u0131r\u0131larak veya yans\u0131yarak ge\u00e7tikleri ortamlar\u0131n fiziksel \u00f6zelliklerini ta\u015f\u0131yarak sismik sinyal olarak yery\u00fcz\u00fcne geli\u015flerin kayd\u0131ndan ve kay\u0131tlar\u0131n kendine \u00f6zg\u00fc analitik y\u00f6ntemlerle de\u011ferlendirilmesidir.<\/p>\n<p>Zemin Et\u00fcd\u00fc yer alt\u0131 tabakalar\u0131n\u0131n durumlar\u0131n\u0131, konumlar\u0131n\u0131, hangi t\u00fcr jeolojik yap\u0131dan m\u00fcte\u015fekkil olduklar\u0131n\u0131, derinliklerini, kal\u0131nl\u0131klar\u0131n\u0131, yo\u011funluklar\u0131n\u0131, elektrik \u00f6zdiren\u00e7lerini, sismik h\u0131zlar\u0131n\u0131, ivmesini, yeralt\u0131 suyu derinli\u011fini ve bu tabakalar\u0131n di\u011fer dinamik parametrelerini, deprem kar\u015f\u0131s\u0131nda g\u00f6sterecekleri davran\u0131\u015flar\u0131 ve zeminin dayan\u0131kl\u0131l\u0131\u011f\u0131n\u0131 tespit etmek amac\u0131yla yap\u0131lan et\u00fctlere zemin et\u00fctleri denir.<\/p>\n<\/div><\/section><\/div>\n","protected":false},"excerpt":{"rendered":"","protected":false},"author":1,"featured_media":0,"parent":6213,"menu_order":0,"comment_status":"closed","ping_status":"closed","template":"","meta":{"footnotes":""},"_links":{"self":[{"href":"https:\/\/northakademi.com\/tr\/wp-json\/wp\/v2\/pages\/6215"}],"collection":[{"href":"https:\/\/northakademi.com\/tr\/wp-json\/wp\/v2\/pages"}],"about":[{"href":"https:\/\/northakademi.com\/tr\/wp-json\/wp\/v2\/types\/page"}],"author":[{"embeddable":true,"href":"https:\/\/northakademi.com\/tr\/wp-json\/wp\/v2\/users\/1"}],"replies":[{"embeddable":true,"href":"https:\/\/northakademi.com\/tr\/wp-json\/wp\/v2\/comments?post=6215"}],"version-history":[{"count":18,"href":"https:\/\/northakademi.com\/tr\/wp-json\/wp\/v2\/pages\/6215\/revisions"}],"predecessor-version":[{"id":6572,"href":"https:\/\/northakademi.com\/tr\/wp-json\/wp\/v2\/pages\/6215\/revisions\/6572"}],"up":[{"embeddable":true,"href":"https:\/\/northakademi.com\/tr\/wp-json\/wp\/v2\/pages\/6213"}],"wp:attachment":[{"href":"https:\/\/northakademi.com\/tr\/wp-json\/wp\/v2\/media?parent=6215"}],"curies":[{"name":"wp","href":"https:\/\/api.w.org\/{rel}","templated":true}]}}