{"id":6213,"date":"2019-12-08T20:59:45","date_gmt":"2019-12-08T17:59:45","guid":{"rendered":"https:\/\/northakademi.com\/tr\/?page_id=6213"},"modified":"2019-12-25T01:14:08","modified_gmt":"2019-12-24T22:14:08","slug":"hizmetler","status":"publish","type":"page","link":"https:\/\/northakademi.com\/tr\/hizmetler\/","title":{"rendered":"H\u0130ZMETLER"},"content":{"rendered":"<\/div><\/div><\/div><!-- close content main div --><\/div><\/div><div id='av_section_1' class='avia-section main_color avia-section-default avia-no-shadow avia-bg-style-scroll   av-minimum-height av-minimum-height-custom container_wrap sidebar_right' style = 'background-repeat: no-repeat; background-image: url(https:\/\/northakademi.com\/tr\/wp-content\/uploads\/2019\/12\/slide-north-akademi-siyah-lacivert.jpg); background-attachment: scroll; background-position: top left; ' data-section-bg-repeat='no-repeat' ><div class='container' style='height:150px'><div class='template-page content  av-content-small alpha units'><div class='post-entry post-entry-type-page post-entry-6213'><div class='entry-content-wrapper clearfix'>\n<div style='padding-bottom:10px;color:#ffffff;' class='av-special-heading av-special-heading-h3 custom-color-heading   '><h3 class='av-special-heading-tag '  itemprop=\"headline\"  >Hizmetler<\/h3><div class='special-heading-border'><div class='special-heading-inner-border' style='border-color:#ffffff'><\/div><\/div><\/div>\n<\/div><\/div><\/div><!-- close content main div --><\/div><\/div><div id='after_section_1' class='main_color av_default_container_wrap container_wrap sidebar_right'   ><div class='container' ><div class='template-page content  av-content-small alpha units'><div class='post-entry post-entry-type-page post-entry-6213'><div class='entry-content-wrapper clearfix'><div class=\"flex_column av_one_half  flex_column_div av-zero-column-padding first  \" style='border-radius:0px; '><article class=\"iconbox iconbox_top main_color    \"  itemscope=\"itemscope\" itemtype=\"https:\/\/schema.org\/CreativeWork\" ><div class=\"iconbox_content\"><header class=\"entry-content-header\"><a href='https:\/\/northakademi.com\/tr\/hizmetler\/zemin-etud-olcumleri\/' title='Zemin Et\u00fcd \u00d6l\u00e7\u00fcmleri'  class=\"iconbox_icon heading-color \" aria-hidden='true' data-av_icon='\ue84d' data-av_iconfont='entypo-fontello'  style='background-color:#2e3ca5; ' ><\/a><h3 class='iconbox_content_title '  itemprop=\"headline\"  ><a href='https:\/\/northakademi.com\/tr\/hizmetler\/zemin-etud-olcumleri\/' title='Zemin Et\u00fcd \u00d6l\u00e7\u00fcmleri' >Zemin Et\u00fcd \u00d6l\u00e7\u00fcmleri<\/a><\/h3><\/header><div class='iconbox_content_container  '  itemprop=\"text\"  ><\/div><\/div><footer class=\"entry-footer\"><\/footer><\/article><\/div><div class=\"flex_column av_one_half  flex_column_div av-zero-column-padding   \" style='border-radius:0px; '><article class=\"iconbox iconbox_top main_color    \"  itemscope=\"itemscope\" itemtype=\"https:\/\/schema.org\/CreativeWork\" ><div class=\"iconbox_content\"><header class=\"entry-content-header\"><a href='https:\/\/northakademi.com\/tr\/hizmetler\/muhendislikve-danismanlik-hizmeti\/' title='M\u00fchendislik ve Dan\u0131\u015fmanl\u0131k Hizmeti'  class=\"iconbox_icon heading-color \" aria-hidden='true' data-av_icon='\ue84d' data-av_iconfont='entypo-fontello'  style='background-color:#2e3ca5; ' ><\/a><h3 class='iconbox_content_title '  itemprop=\"headline\"  ><a href='https:\/\/northakademi.com\/tr\/hizmetler\/muhendislikve-danismanlik-hizmeti\/' title='M\u00fchendislik ve Dan\u0131\u015fmanl\u0131k Hizmeti' >M\u00fchendislik ve Dan\u0131\u015fmanl\u0131k Hizmeti<\/a><\/h3><\/header><div class='iconbox_content_container  '  itemprop=\"text\"  ><\/div><\/div><footer class=\"entry-footer\"><\/footer><\/article><\/div><div class=\"flex_column av_one_half  flex_column_div av-zero-column-padding first  \" style='border-radius:0px; '><article class=\"iconbox iconbox_top main_color    \"  itemscope=\"itemscope\" itemtype=\"https:\/\/schema.org\/CreativeWork\" ><div class=\"iconbox_content\"><header class=\"entry-content-header\"><a href='https:\/\/northakademi.com\/tr\/hizmetler\/vinc-operatoru-yetkinlik-degerlendirme\/' title='Vin\u00e7 Operat\u00f6r\u00fc Yetkinlik De\u011ferlendirme'  class=\"iconbox_icon heading-color \" aria-hidden='true' data-av_icon='\ue84d' data-av_iconfont='entypo-fontello'  style='background-color:#2e3ca5; ' ><\/a><h3 class='iconbox_content_title '  itemprop=\"headline\"  ><a href='https:\/\/northakademi.com\/tr\/hizmetler\/vinc-operatoru-yetkinlik-degerlendirme\/' title='Vin\u00e7 Operat\u00f6r\u00fc Yetkinlik De\u011ferlendirme' >Vin\u00e7 Operat\u00f6r\u00fc Yetkinlik De\u011ferlendirme<\/a><\/h3><\/header><div class='iconbox_content_container  '  itemprop=\"text\"  ><\/div><\/div><footer class=\"entry-footer\"><\/footer><\/article><\/div><div class=\"flex_column av_one_half  flex_column_div av-zero-column-padding   \" style='border-radius:0px; '><article class=\"iconbox iconbox_top main_color    \"  itemscope=\"itemscope\" itemtype=\"https:\/\/schema.org\/CreativeWork\" ><div class=\"iconbox_content\"><header class=\"entry-content-header\"><a href='https:\/\/northakademi.com\/tr\/hizmetler\/arac-projelendirme\/' title='Ara\u00e7 Projelendirme'  class=\"iconbox_icon heading-color \" aria-hidden='true' data-av_icon='\ue84d' data-av_iconfont='entypo-fontello'  style='background-color:#2e3ca5; ' ><\/a><h3 class='iconbox_content_title '  itemprop=\"headline\"  ><a href='https:\/\/northakademi.com\/tr\/hizmetler\/arac-projelendirme\/' title='Ara\u00e7 Projelendirme' >Ara\u00e7 Projelendirme<\/a><\/h3><\/header><div class='iconbox_content_container  '  itemprop=\"text\"  ><\/div><\/div><footer class=\"entry-footer\"><\/footer><\/article><\/div><\/p>\n","protected":false},"excerpt":{"rendered":"","protected":false},"author":1,"featured_media":0,"parent":0,"menu_order":0,"comment_status":"closed","ping_status":"closed","template":"","meta":{"footnotes":""},"_links":{"self":[{"href":"https:\/\/northakademi.com\/tr\/wp-json\/wp\/v2\/pages\/6213"}],"collection":[{"href":"https:\/\/northakademi.com\/tr\/wp-json\/wp\/v2\/pages"}],"about":[{"href":"https:\/\/northakademi.com\/tr\/wp-json\/wp\/v2\/types\/page"}],"author":[{"embeddable":true,"href":"https:\/\/northakademi.com\/tr\/wp-json\/wp\/v2\/users\/1"}],"replies":[{"embeddable":true,"href":"https:\/\/northakademi.com\/tr\/wp-json\/wp\/v2\/comments?post=6213"}],"version-history":[{"count":3,"href":"https:\/\/northakademi.com\/tr\/wp-json\/wp\/v2\/pages\/6213\/revisions"}],"predecessor-version":[{"id":7029,"href":"https:\/\/northakademi.com\/tr\/wp-json\/wp\/v2\/pages\/6213\/revisions\/7029"}],"wp:attachment":[{"href":"https:\/\/northakademi.com\/tr\/wp-json\/wp\/v2\/media?parent=6213"}],"curies":[{"name":"wp","href":"https:\/\/api.w.org\/{rel}","templated":true}]}}