{"id":6211,"date":"2019-12-08T20:59:26","date_gmt":"2019-12-08T17:59:26","guid":{"rendered":"https:\/\/northakademi.com\/tr\/?page_id=6211"},"modified":"2019-12-25T02:33:13","modified_gmt":"2019-12-24T23:33:13","slug":"politikalarimiz","status":"publish","type":"page","link":"https:\/\/northakademi.com\/tr\/kurumsal\/politikalarimiz\/","title":{"rendered":"Politikalar\u0131m\u0131z"},"content":{"rendered":"<\/div><\/div><\/div><!-- close content main div --><\/div><\/div><div id='av_section_1' class='avia-section main_color avia-section-default avia-no-shadow avia-bg-style-scroll   av-minimum-height av-minimum-height-custom container_wrap sidebar_right' style = 'background-repeat: no-repeat; background-image: url(https:\/\/northakademi.com\/tr\/wp-content\/uploads\/2019\/12\/slide-north-akademi-siyah-lacivert.jpg); background-attachment: scroll; background-position: top left; ' data-section-bg-repeat='no-repeat' ><div class='container' style='height:150px'><div class='template-page content  av-content-small alpha units'><div class='post-entry post-entry-type-page post-entry-6211'><div class='entry-content-wrapper clearfix'>\n<div style='padding-bottom:10px;color:#ffffff;' class='av-special-heading av-special-heading-h3 custom-color-heading   '><h3 class='av-special-heading-tag '  itemprop=\"headline\"  >Politikalar\u0131m\u0131z<\/h3><div class='special-heading-border'><div class='special-heading-inner-border' style='border-color:#ffffff'><\/div><\/div><\/div>\n<\/div><\/div><\/div><!-- close content main div --><\/div><\/div><div id='after_section_1' class='main_color av_default_container_wrap container_wrap sidebar_right'   ><div class='container' ><div class='template-page content  av-content-small alpha units'><div class='post-entry post-entry-type-page post-entry-6211'><div class='entry-content-wrapper clearfix'>\n<section class=\"av_textblock_section \"  itemscope=\"itemscope\" itemtype=\"https:\/\/schema.org\/CreativeWork\" ><div class='avia_textblock  '   itemprop=\"text\" ><p><strong>Kalite Politikam\u0131z<\/strong><\/p>\n<p>NORTH AKADEM\u0130 A.\u015e. \u2018 nin vizyonu do\u011frultusunda, geli\u015fen ve g\u00fcncel teknolojileri kullanarak, m\u00fc\u015fteri beklentilerini a\u015farak kar\u015f\u0131layan, g\u00fcvenilir \u00fcr\u00fcnleri geli\u015ftirir, \u00fcretir ve gerekli hizmeti sunar\u0131z.<\/p>\n<p>Yenilik\u00e7i ve yarat\u0131c\u0131 yakla\u015f\u0131mlar\u0131n cesaretlendirilmesi, teknik ve davran\u0131\u015fsal yetkinlikleri art\u0131racak e\u011fitimlerin ger\u00e7ekle\u015ftirilmesi y\u00f6n\u00fcnde faaliyetlerimizi \u00c7evre, \u0130\u015f Sa\u011fl\u0131\u011f\u0131 ve G\u00fcvenli\u011fi Y\u00f6netim Sistemleri ile birlikte b\u00fct\u00fcnle\u015fik bir \u015fekilde y\u00f6neterek, dayan\u0131kl\u0131 t\u00fcketim sekt\u00f6r\u00fcnde kalite a\u00e7\u0131s\u0131ndan \u00f6nc\u00fcl\u00fc\u011f\u00fcm\u00fczle \u00f6rnek bir kurulu\u015f olmak i\u00e7in t\u00fcm g\u00fcc\u00fcm\u00fczle \u00e7al\u0131\u015f\u0131r\u0131z.<\/p>\n<p><strong>\u00c7evre Politikam\u0131z<\/strong><\/p>\n<p>Ulusal ve uluslararas\u0131 yasal mevzuat ve d\u00fczenlemelere uygun, s\u00fcrekli geli\u015fmeyi temel alan bir \u00e7evre y\u00f6netim sistemi dahilinde \u00e7al\u0131\u015fmaktay\u0131z.<br \/>\n\u00c7al\u0131\u015fanlar\u0131m\u0131z\u0131n ve toplumun \u00e7evre bilincinin art\u0131r\u0131lmas\u0131 y\u00f6n\u00fcnde faaliyetlerimizi Kalite, \u0130\u015f Sa\u011fl\u0131\u011f\u0131 ve G\u00fcvenli\u011fi Y\u00f6netim Sistemleri ile birlikte b\u00fct\u00fcnle\u015fik bir \u015fekilde y\u00f6neterek, dayan\u0131kl\u0131 t\u00fcketim sekt\u00f6r\u00fcnde \u00e7evresel \u00f6nc\u00fcl\u00fc\u011f\u00fcm\u00fczle \u00f6rnek bir kurulu\u015f olmak i\u00e7in t\u00fcm g\u00fcc\u00fcm\u00fczle \u00e7al\u0131\u015f\u0131r\u0131z.<\/p>\n<p><strong>\u0130\u015f G\u00fcvenli\u011fi Politikam\u0131z<\/strong><\/p>\n<p>M\u00fc\u015fteri ihtiya\u00e7lar\u0131n\u0131n kar\u015f\u0131lanmas\u0131 i\u00e7in yap\u0131lacak t\u00fcm \u00e7al\u0131\u015fmalarda i\u015f g\u00fcvenli\u011fini \u00f6n planda tutmak, personelin, enerji t\u00fcrbinlerin g\u00fcvenli\u011fi ve e\u011fitim sahalar\u0131n\u0131n g\u00fcvenli\u011fi bu ama\u00e7 i\u00e7in riske atmayan bir yap\u0131 olu\u015fturmak ve s\u00fcreklili\u011fini sa\u011flamak, y\u00fcr\u00fcrl\u00fckte bulunan i\u015f sa\u011fl\u0131\u011f\u0131 ve g\u00fcvenli\u011fi ile ilgili yasal mevzuat ve idari d\u00fczenlemelere uygun davranmakt\u0131r.<\/p>\n<p><strong>GWO Politikam\u0131z<\/strong><\/p>\n<p>GWO BST ve BST-R kapsam\u0131nda, \u0130lk Yard\u0131m, Yang\u0131n Bilin\u00e7lendirme, Y\u00fcksekte \u00c7al\u0131\u015fma ve Elle Ta\u015f\u0131ma Mod\u00fcllerinin E\u011fitimlerini, kursiyerlerimize vermekteyiz. E\u011fitimlerimiz North Akademi tesislerinde verilebildi\u011fi gibi m\u00fc\u015fteri \u015fartlar\u0131n\u0131n uygun olmas\u0131 halinde, mobil olarak m\u00fc\u015fteri sahas\u0131nda da verilebilir. Hedeflerimiz do\u011frultusunda e\u011fitim ve e\u011fitmenlerimizin kalitesi i\u00e7in s\u00fcrekli geli\u015fim ama\u00e7lanm\u0131\u015ft\u0131r.<\/p>\n<\/div><\/section>\n","protected":false},"excerpt":{"rendered":"","protected":false},"author":1,"featured_media":0,"parent":6203,"menu_order":0,"comment_status":"closed","ping_status":"closed","template":"","meta":{"footnotes":""},"_links":{"self":[{"href":"https:\/\/northakademi.com\/tr\/wp-json\/wp\/v2\/pages\/6211"}],"collection":[{"href":"https:\/\/northakademi.com\/tr\/wp-json\/wp\/v2\/pages"}],"about":[{"href":"https:\/\/northakademi.com\/tr\/wp-json\/wp\/v2\/types\/page"}],"author":[{"embeddable":true,"href":"https:\/\/northakademi.com\/tr\/wp-json\/wp\/v2\/users\/1"}],"replies":[{"embeddable":true,"href":"https:\/\/northakademi.com\/tr\/wp-json\/wp\/v2\/comments?post=6211"}],"version-history":[{"count":3,"href":"https:\/\/northakademi.com\/tr\/wp-json\/wp\/v2\/pages\/6211\/revisions"}],"predecessor-version":[{"id":7068,"href":"https:\/\/northakademi.com\/tr\/wp-json\/wp\/v2\/pages\/6211\/revisions\/7068"}],"up":[{"embeddable":true,"href":"https:\/\/northakademi.com\/tr\/wp-json\/wp\/v2\/pages\/6203"}],"wp:attachment":[{"href":"https:\/\/northakademi.com\/tr\/wp-json\/wp\/v2\/media?parent=6211"}],"curies":[{"name":"wp","href":"https:\/\/api.w.org\/{rel}","templated":true}]}}