{"id":6207,"date":"2019-12-08T20:59:00","date_gmt":"2019-12-08T17:59:00","guid":{"rendered":"https:\/\/northakademi.com\/tr\/?page_id=6207"},"modified":"2019-12-25T02:32:46","modified_gmt":"2019-12-24T23:32:46","slug":"vizyonmisyon","status":"publish","type":"page","link":"https:\/\/northakademi.com\/tr\/kurumsal\/vizyonmisyon\/","title":{"rendered":"Vizyon&#038;Misyon"},"content":{"rendered":"<\/div><\/div><\/div><!-- close content main div --><\/div><\/div><div id='av_section_1' class='avia-section main_color avia-section-default avia-no-shadow avia-bg-style-scroll   av-minimum-height av-minimum-height-custom container_wrap sidebar_right' style = 'background-repeat: no-repeat; background-image: url(https:\/\/northakademi.com\/tr\/wp-content\/uploads\/2019\/12\/slide-north-akademi-siyah-lacivert.jpg); background-attachment: scroll; background-position: top left; ' data-section-bg-repeat='no-repeat' ><div class='container' style='height:150px'><div class='template-page content  av-content-small alpha units'><div class='post-entry post-entry-type-page post-entry-6207'><div class='entry-content-wrapper clearfix'>\n<div style='padding-bottom:10px;color:#ffffff;' class='av-special-heading av-special-heading-h3 custom-color-heading   '><h3 class='av-special-heading-tag '  itemprop=\"headline\"  >Vizyon <span class='special_amp'>&amp;<\/span> Misyon<\/h3><div class='special-heading-border'><div class='special-heading-inner-border' style='border-color:#ffffff'><\/div><\/div><\/div>\n<\/div><\/div><\/div><!-- close content main div --><\/div><\/div><div id='after_section_1' class='main_color av_default_container_wrap container_wrap sidebar_right'   ><div class='container' ><div class='template-page content  av-content-small alpha units'><div class='post-entry post-entry-type-page post-entry-6207'><div class='entry-content-wrapper clearfix'>\n<section class=\"av_textblock_section \"  itemscope=\"itemscope\" itemtype=\"https:\/\/schema.org\/CreativeWork\" ><div class='avia_textblock  '   itemprop=\"text\" ><p><strong>Vizyon &amp; Misyon<\/strong><\/p>\n<p>\u00dclkemizde ve d\u00fcnyan\u0131n her co\u011frafyas\u0131nda, g\u00fcvenilir ve kalitesinden \u00f6d\u00fcn vermeden hizmet sunan, verdi\u011fi hizmetlerle fark yaratan, lider, \u00f6rnek ve sayg\u0131n bir kurulu\u015f olmak.<\/p>\n<p>En yeni teknolojileri takip edip uygulamaya sunmak, i\u015f g\u00fcvenli\u011fi ile birlikte hizmet kalitemizi y\u00fcksek standartlarda sa\u011flamak, kalite sistemleri \u00e7evresinde daha yetkin hale gelebilmeleri i\u00e7in kalite d\u00fczeyini s\u00fcrekli y\u00fckseltmek, t\u00fcm faaliyetlerimizde \u00e7evreyle ilgili ulusal ve uluslararas\u0131 mevzuat ve d\u00fczenlemelere uygun davranmakt\u0131r.<\/p>\n<\/div><\/section>\n","protected":false},"excerpt":{"rendered":"","protected":false},"author":1,"featured_media":0,"parent":6203,"menu_order":0,"comment_status":"closed","ping_status":"closed","template":"","meta":{"footnotes":""},"_links":{"self":[{"href":"https:\/\/northakademi.com\/tr\/wp-json\/wp\/v2\/pages\/6207"}],"collection":[{"href":"https:\/\/northakademi.com\/tr\/wp-json\/wp\/v2\/pages"}],"about":[{"href":"https:\/\/northakademi.com\/tr\/wp-json\/wp\/v2\/types\/page"}],"author":[{"embeddable":true,"href":"https:\/\/northakademi.com\/tr\/wp-json\/wp\/v2\/users\/1"}],"replies":[{"embeddable":true,"href":"https:\/\/northakademi.com\/tr\/wp-json\/wp\/v2\/comments?post=6207"}],"version-history":[{"count":6,"href":"https:\/\/northakademi.com\/tr\/wp-json\/wp\/v2\/pages\/6207\/revisions"}],"predecessor-version":[{"id":7067,"href":"https:\/\/northakademi.com\/tr\/wp-json\/wp\/v2\/pages\/6207\/revisions\/7067"}],"up":[{"embeddable":true,"href":"https:\/\/northakademi.com\/tr\/wp-json\/wp\/v2\/pages\/6203"}],"wp:attachment":[{"href":"https:\/\/northakademi.com\/tr\/wp-json\/wp\/v2\/media?parent=6207"}],"curies":[{"name":"wp","href":"https:\/\/api.w.org\/{rel}","templated":true}]}}