{"id":6205,"date":"2019-12-08T20:58:49","date_gmt":"2019-12-08T17:58:49","guid":{"rendered":"https:\/\/northakademi.com\/tr\/?page_id=6205"},"modified":"2019-12-25T02:32:16","modified_gmt":"2019-12-24T23:32:16","slug":"hakkimizda","status":"publish","type":"page","link":"https:\/\/northakademi.com\/tr\/kurumsal\/hakkimizda\/","title":{"rendered":"Hakk\u0131m\u0131zda"},"content":{"rendered":"<\/div><\/div><\/div><!-- close content main div --><\/div><\/div><div id='av_section_1' class='avia-section main_color avia-section-default avia-no-shadow avia-bg-style-scroll   av-minimum-height av-minimum-height-custom container_wrap sidebar_right' style = 'background-repeat: no-repeat; background-image: url(https:\/\/northakademi.com\/tr\/wp-content\/uploads\/2019\/12\/slide-north-akademi-siyah-lacivert.jpg); background-attachment: scroll; background-position: top left; ' data-section-bg-repeat='no-repeat' ><div class='container' style='height:150px'><div class='template-page content  av-content-small alpha units'><div class='post-entry post-entry-type-page post-entry-6205'><div class='entry-content-wrapper clearfix'>\n<div style='padding-bottom:10px;color:#ffffff;' class='av-special-heading av-special-heading-h3 custom-color-heading   '><h3 class='av-special-heading-tag '  itemprop=\"headline\"  >Hakk\u0131m\u0131zda<\/h3><div class='special-heading-border'><div class='special-heading-inner-border' style='border-color:#ffffff'><\/div><\/div><\/div>\n<\/div><\/div><\/div><!-- close content main div --><\/div><\/div><div id='after_section_1' class='main_color av_default_container_wrap container_wrap sidebar_right'   ><div class='container' ><div class='template-page content  av-content-small alpha units'><div class='post-entry post-entry-type-page post-entry-6205'><div class='entry-content-wrapper clearfix'>\n<section class=\"av_textblock_section \"  itemscope=\"itemscope\" itemtype=\"https:\/\/schema.org\/CreativeWork\" ><div class='avia_textblock  '   itemprop=\"text\" ><p>North Akademi olarak, her zaman e\u011fitimden, g\u00fcnl\u00fck ya\u015fant\u0131m\u0131za kadar do\u011frulu\u011fun, iyili\u011fin toplum yarar\u0131na olmak \u00fczere hayat\u0131m\u0131za i\u015flemesi i\u00e7in \u00e7al\u0131\u015ft\u0131k ve \u00e7al\u0131\u015fmaktay\u0131z. T\u00fcm kadromuzla kaliteyi, g\u00fcvenilirli\u011fi, do\u011fru bilgi edindirmeyi, samimiyeti ve i\u00e7tenli\u011fi ilke edinerek, tecr\u00fcbelerimizi sizlerle payla\u015fmay\u0131 ama\u00e7lad\u0131k.<\/p>\n<ul>\n<li>GWO (Global Wind Organisation) sertifikal\u0131 e\u011fitim birimimiz, t\u00fcrbinde \u00e7al\u0131\u015facak teknik personele BST (Temel G\u00fcvenlik E\u011fitim) ve BSTR (Temel G\u00fcvenlik E\u011fitimi Yenileme) e\u011fitimleri vermektedir.<\/li>\n<li>Periyodik Muayene Kontrol ve R\u00fczgar T\u00fcrbini Kule \u0130\u00e7i Kontroller hizmeti verilmektedir.<\/li>\n<li>Zemin Et\u00fcd Raporu, R\u00fczgar enerji santrali t\u00fcrbini zeminin jeolojik \u2013 jeoteknik ve depremsellik \u00f6zelikllerini tespit etmek ve \u00e7al\u0131\u015fma yap\u0131cak vin\u00e7lerin zeminde \u00e7al\u0131\u015fma yapabilmesi i\u00e7in zemin testleri yap\u0131lmaktad\u0131r.<\/li>\n<li>Sistem Belgelendirme ve \u00dcr\u00fcn Belgelendirme hizmeti verilmektedir.<\/li>\n<\/ul>\n<p>G\u00fcvenle \u00e7al\u0131\u015fma dile\u011fiyle.<\/p>\n<\/div><\/section>\n","protected":false},"excerpt":{"rendered":"","protected":false},"author":1,"featured_media":0,"parent":6203,"menu_order":0,"comment_status":"closed","ping_status":"closed","template":"","meta":{"footnotes":""},"_links":{"self":[{"href":"https:\/\/northakademi.com\/tr\/wp-json\/wp\/v2\/pages\/6205"}],"collection":[{"href":"https:\/\/northakademi.com\/tr\/wp-json\/wp\/v2\/pages"}],"about":[{"href":"https:\/\/northakademi.com\/tr\/wp-json\/wp\/v2\/types\/page"}],"author":[{"embeddable":true,"href":"https:\/\/northakademi.com\/tr\/wp-json\/wp\/v2\/users\/1"}],"replies":[{"embeddable":true,"href":"https:\/\/northakademi.com\/tr\/wp-json\/wp\/v2\/comments?post=6205"}],"version-history":[{"count":11,"href":"https:\/\/northakademi.com\/tr\/wp-json\/wp\/v2\/pages\/6205\/revisions"}],"predecessor-version":[{"id":7066,"href":"https:\/\/northakademi.com\/tr\/wp-json\/wp\/v2\/pages\/6205\/revisions\/7066"}],"up":[{"embeddable":true,"href":"https:\/\/northakademi.com\/tr\/wp-json\/wp\/v2\/pages\/6203"}],"wp:attachment":[{"href":"https:\/\/northakademi.com\/tr\/wp-json\/wp\/v2\/media?parent=6205"}],"curies":[{"name":"wp","href":"https:\/\/api.w.org\/{rel}","templated":true}]}}